{"id":1215,"date":"2018-01-09T19:14:41","date_gmt":"2018-01-09T18:14:41","guid":{"rendered":"http:\/\/www.konstkluster.se\/konstforening\/?page_id=1215"},"modified":"2018-01-09T19:21:03","modified_gmt":"2018-01-09T18:21:03","slug":"arsmote-2018","status":"publish","type":"page","link":"https:\/\/www.konstkluster.se\/konstforening\/arsmote-2018\/","title":{"rendered":"\u00c5rsm\u00f6te 2018"},"content":{"rendered":"<p>Varmt v\u00e4lkomna till v\u00e5r konstf\u00f6renings \u00e5rsm\u00f6te!<\/p>\n<p>Tiden g\u00e5r fort n\u00e4r man har kul, v\u00e5r t\u00e4mligen nya konstf\u00f6rening har nu redan hunnit med 2 aktiva \u00e5r och vi blickar fram\u00e5t med roliga aktiviteter f\u00f6r v\u00e5rt tredje verksamhets\u00e5r. Alla medlemmar och ni som funderar p\u00e5 att bli medlemmar h\u00e4lsas v\u00e4lkomna.<\/p>\n<p><strong>Tid:<\/strong>\u00a0kl 18:00-19:30 onsdag 21 februari 2018<br \/>\n<strong>Plats:<\/strong>\u00a0Tr\u00e4ffpunkten p\u00e5 Solh\u00f6jden, \u00d6cker\u00f6 (<a href=\"https:\/\/www.google.se\/maps\/place\/Solh%C3%B6jden,+475+32+%C3%96cker%C3%B6\/@57.7075475,11.6481916,17z\/data=!3m1!4b1!4m5!3m4!1s0x464f8f7b0687ec71:0xf4235aa2d71a5d2a!8m2!3d57.7075447!4d11.6503856?hl=sv\" target=\"_blank\" rel=\"noopener\">karta<\/a>)<\/p>\n<p>Du kommer v\u00e4l?<\/p>\n<p><a href=\"https:\/\/www.konstkluster.se\/konstforening\/wp-content\/uploads\/2015\/08\/FUlogoKV-Gbg.png\" rel=\"attachment wp-att-82\"><img loading=\"lazy\" decoding=\"async\" class=\"size-medium wp-image-82 alignleft\" src=\"https:\/\/www.konstkluster.se\/konstforening\/wp-content\/uploads\/2015\/08\/FUlogoKV-Gbg-300x37.png\" alt=\"Folkuniversitetet i G\u00f6teborg\" width=\"300\" height=\"37\" srcset=\"https:\/\/www.konstkluster.se\/konstforening\/wp-content\/uploads\/2015\/08\/FUlogoKV-Gbg-300x37.png 300w, https:\/\/www.konstkluster.se\/konstforening\/wp-content\/uploads\/2015\/08\/FUlogoKV-Gbg-825x105.png 825w, https:\/\/www.konstkluster.se\/konstforening\/wp-content\/uploads\/2015\/08\/FUlogoKV-Gbg.png 855w\" sizes=\"auto, (max-width: 300px) 100vw, 300px\" \/><\/a><\/p>\n<p>&nbsp;<\/p>\n<p>&nbsp;<\/p>\n<hr \/>\n","protected":false},"excerpt":{"rendered":"<p>Varmt v\u00e4lkomna till v\u00e5r konstf\u00f6renings \u00e5rsm\u00f6te! Tiden g\u00e5r fort n\u00e4r man har kul, v\u00e5r t\u00e4mligen nya konstf\u00f6rening har nu redan hunnit med 2 aktiva \u00e5r och vi blickar fram\u00e5t med roliga aktiviteter f\u00f6r v\u00e5rt tredje verksamhets\u00e5r. Alla medlemmar och ni som funderar p\u00e5 att bli medlemmar h\u00e4lsas v\u00e4lkomna. Tid:\u00a0kl 18:00-19:30 onsdag 21 februari 2018 Plats:\u00a0Tr\u00e4ffpunkten &hellip; <a href=\"https:\/\/www.konstkluster.se\/konstforening\/arsmote-2018\/\" class=\"more-link\">Forts\u00e4tt l\u00e4sa <span class=\"screen-reader-text\">\u00c5rsm\u00f6te 2018<\/span><\/a><\/p>\n","protected":false},"author":2,"featured_media":0,"parent":0,"menu_order":0,"comment_status":"closed","ping_status":"closed","template":"","meta":{"footnotes":""},"class_list":["post-1215","page","type-page","status-publish","hentry"],"_links":{"self":[{"href":"https:\/\/www.konstkluster.se\/konstforening\/wp-json\/wp\/v2\/pages\/1215","targetHints":{"allow":["GET"]}}],"collection":[{"href":"https:\/\/www.konstkluster.se\/konstforening\/wp-json\/wp\/v2\/pages"}],"about":[{"href":"https:\/\/www.konstkluster.se\/konstforening\/wp-json\/wp\/v2\/types\/page"}],"author":[{"embeddable":true,"href":"https:\/\/www.konstkluster.se\/konstforening\/wp-json\/wp\/v2\/users\/2"}],"replies":[{"embeddable":true,"href":"https:\/\/www.konstkluster.se\/konstforening\/wp-json\/wp\/v2\/comments?post=1215"}],"version-history":[{"count":6,"href":"https:\/\/www.konstkluster.se\/konstforening\/wp-json\/wp\/v2\/pages\/1215\/revisions"}],"predecessor-version":[{"id":1221,"href":"https:\/\/www.konstkluster.se\/konstforening\/wp-json\/wp\/v2\/pages\/1215\/revisions\/1221"}],"wp:attachment":[{"href":"https:\/\/www.konstkluster.se\/konstforening\/wp-json\/wp\/v2\/media?parent=1215"}],"curies":[{"name":"wp","href":"https:\/\/api.w.org\/{rel}","templated":true}]}}