{"id":1212,"date":"2018-01-09T19:03:04","date_gmt":"2018-01-09T18:03:04","guid":{"rendered":"http:\/\/www.konstkluster.se\/konstforening\/?page_id=1212"},"modified":"2019-06-28T11:15:57","modified_gmt":"2019-06-28T09:15:57","slug":"arrangemang-2018","status":"publish","type":"page","link":"https:\/\/www.konstkluster.se\/konstforening\/arrangemang-2018\/","title":{"rendered":"Arrangemang 2018"},"content":{"rendered":"<p>2018-02-21 onsdag kl 18:00-19:30 Tr\u00e4ffpunkten, Solh\u00f6jden \u00d6cker\u00f6<br \/>\n<a href=\"https:\/\/www.konstkluster.se\/konstforening\/arsmote-2018\/\"><strong>\u00c5rsm\u00f6te<\/strong><\/a>&nbsp; (klicka p\u00e5 l\u00e4nken f\u00f6r mer info)<\/p>\n<p>2018-03-01 torsdag kl 17:00 \u00d6cker\u00f6 gymnasieskola<br \/>\n<strong><a href=\"https:\/\/www.konstkluster.se\/konstforening\/massa-pa-ockero-gymnasieskola\/\">M\u00e4ssa<\/a><\/strong> riktad till gymnasieelever<\/p>\n<p>2018-03-03 \u2014 .. 6 st l\u00f6rdagsf\u00f6rmiddagar p\u00e5 Hedens skola, H\u00f6n\u00f6<br \/>\n<a href=\"https:\/\/www.konstkluster.se\/konstforening\/teckna-och-mala-med-noak\/\"><strong>Studiecirkel<\/strong><\/a>&nbsp;Teckna &amp; m\u00e5la med NOAK<\/p>\n<p>2018-03-14 onsdag kl 18:00 G\u00f6teborgs konstmuseum<br \/>\n<strong><a href=\"https:\/\/www.konstkluster.se\/konstforening\/rembrandt-utstallning\/\">Utst\u00e4llning Rembrandt<\/a><\/strong> guidad tur<\/p>\n<p>2018-04-26 torsdag kl 18:00 Ingrids glasatelj\u00e9 i Bj\u00f6rlanda<br \/>\n<a href=\"https:\/\/www.konstkluster.se\/konstforening\/ateljebesok-hos-ingrid-leornadsson\/\"><strong>Atelj\u00e9bes\u00f6k<\/strong><\/a> hos Ingrid Leonardsson<\/p>\n<p>2018-06-16 l\u00f6rdag kl 14:00 &#8211; 17:00 H\u00f6n\u00f6 hembygdsf\u00f6rening<br \/>\n<strong><a href=\"https:\/\/www.konstkluster.se\/konstforening\/konsthantverksdag-i-honohembygdsforenings-tradgard\/\">Konsthantverksdag<\/a><\/strong> med konstutst\u00e4llning i tr\u00e4dg\u00e5rden<\/p>\n<p>2018-09-13 torsdag kl 16:00 \u00d6cker\u00f6 gymnasieskola<br \/>\n<strong><a href=\"https:\/\/www.konstkluster.se\/konstforening\/massa-pa-ockero-gymnasieskola-2\/\">M\u00e4ssa<\/a><\/strong> riktad till gymnasieelever<\/p>\n<p>2018-09-19&#8211;.. 4 st onsdagsf\u00f6rmiddagar i Atelj\u00e9 Eker\u00e5s, G\u00f6teborg<br \/>\n<a href=\"https:\/\/www.konstkluster.se\/konstforening\/intensivkurs-i-akvarellmalning\/\"><strong>Intensivkurs i akvarellm\u00e5lning<\/strong><\/a> med Morgan Eker\u00e5s som kursledare<\/p>\n<p>2018-09-26 onsdag kl 18:00 Sockerbruket\/Klippan i G\u00f6teborg<br \/>\n<a href=\"https:\/\/www.konstkluster.se\/konstforening\/ateljebesok-pa-kkv\/\"><strong>Rundvandring<\/strong><\/a> med Gunnar Larsson i atelj\u00e9erna p\u00e5 KKV<\/p>\n<p>2018-10-06 \u2014 .. 4 st l\u00f6rdagsf\u00f6rmiddagar p\u00e5 Hedens skola, H\u00f6n\u00f6<br \/>\n<a href=\"https:\/\/www.konstkluster.se\/konstforening\/teckna-mala-med-noak\/\"><strong>Studiecirkel<\/strong>&nbsp;<\/a>Teckna &amp; m\u00e5la med NOAK<\/p>\n<p>2018-10-24&#8211;.. 4 st onsdagsf\u00f6rmiddagar i Atelj\u00e9 Eker\u00e5s, G\u00f6teborg<br \/>\n<a href=\"https:\/\/www.konstkluster.se\/konstforening\/akvarellmalning-forts\/\"><strong>Akvarellm\u00e5lning, forts<\/strong><\/a> med Morgan Eker\u00e5s som kursledare<\/p>\n<p>2018-11-08&nbsp; Torsdag kl 18:00 hemma hos Tina p\u00e5 H\u00f6n\u00f6<br \/>\n<a href=\"https:\/\/www.konstkluster.se\/konstforening\/ateljebesok-hos-tina-jerkenstam\/\"><strong>Atelj\u00e9bes\u00f6k<\/strong><\/a> hos Tina Jerkenstam<\/p>\n<p>2018-11-16 fredag kl 17:00 Atelj\u00e9 Eker\u00e5s p\u00e5 Bangatan i G\u00f6teborg<br \/>\n<a href=\"https:\/\/www.konstkluster.se\/konstforening\/ateljebesok-hos-morgan-ekeras-2\/\"><strong>Atelj\u00e9bes\u00f6k<\/strong><\/a> hos Morgan Eker\u00e5s<\/p>\n<p>2018-11-21 onsdag kl 17:00 Utst\u00e4llningshallen, \u00d6cker\u00f6 bibliotek<br \/>\n<strong><a href=\"https:\/\/www.konstkluster.se\/konstforening\/konstutlottningskvall-2111-18-kl-1700\/\">Konstutlottningskv\u00e4ll<\/a><\/strong><\/p>\n<p>&nbsp;<\/p>\n<p><a href=\"https:\/\/www.konstkluster.se\/konstforening\/wp-content\/uploads\/2015\/08\/FUlogoKV-Gbg.png\" rel=\"attachment wp-att-82\"><img loading=\"lazy\" decoding=\"async\" class=\"size-medium wp-image-82 alignleft\" src=\"https:\/\/www.konstkluster.se\/konstforening\/wp-content\/uploads\/2015\/08\/FUlogoKV-Gbg-300x37.png\" alt=\"Folkuniversitetet i G\u00f6teborg\" width=\"300\" height=\"37\" srcset=\"https:\/\/www.konstkluster.se\/konstforening\/wp-content\/uploads\/2015\/08\/FUlogoKV-Gbg-300x37.png 300w, https:\/\/www.konstkluster.se\/konstforening\/wp-content\/uploads\/2015\/08\/FUlogoKV-Gbg-825x105.png 825w, https:\/\/www.konstkluster.se\/konstforening\/wp-content\/uploads\/2015\/08\/FUlogoKV-Gbg.png 855w\" sizes=\"auto, (max-width: 300px) 100vw, 300px\" \/><\/a><\/p>\n<p>&nbsp;<\/p>\n<p>&nbsp;<\/p>\n<hr>\n","protected":false},"excerpt":{"rendered":"<p>2018-02-21 onsdag kl 18:00-19:30 Tr\u00e4ffpunkten, Solh\u00f6jden \u00d6cker\u00f6 \u00c5rsm\u00f6te&nbsp; (klicka p\u00e5 l\u00e4nken f\u00f6r mer info) 2018-03-01 torsdag kl 17:00 \u00d6cker\u00f6 gymnasieskola M\u00e4ssa riktad till gymnasieelever 2018-03-03 \u2014 .. 6 st l\u00f6rdagsf\u00f6rmiddagar p\u00e5 Hedens skola, H\u00f6n\u00f6 Studiecirkel&nbsp;Teckna &amp; m\u00e5la med NOAK 2018-03-14 onsdag kl 18:00 G\u00f6teborgs konstmuseum Utst\u00e4llning Rembrandt guidad tur 2018-04-26 torsdag kl 18:00 Ingrids glasatelj\u00e9 &hellip; <a href=\"https:\/\/www.konstkluster.se\/konstforening\/arrangemang-2018\/\" class=\"more-link\">Forts\u00e4tt l\u00e4sa <span class=\"screen-reader-text\">Arrangemang 2018<\/span><\/a><\/p>\n","protected":false},"author":2,"featured_media":0,"parent":0,"menu_order":0,"comment_status":"closed","ping_status":"closed","template":"","meta":{"footnotes":""},"class_list":["post-1212","page","type-page","status-publish","hentry"],"_links":{"self":[{"href":"https:\/\/www.konstkluster.se\/konstforening\/wp-json\/wp\/v2\/pages\/1212","targetHints":{"allow":["GET"]}}],"collection":[{"href":"https:\/\/www.konstkluster.se\/konstforening\/wp-json\/wp\/v2\/pages"}],"about":[{"href":"https:\/\/www.konstkluster.se\/konstforening\/wp-json\/wp\/v2\/types\/page"}],"author":[{"embeddable":true,"href":"https:\/\/www.konstkluster.se\/konstforening\/wp-json\/wp\/v2\/users\/2"}],"replies":[{"embeddable":true,"href":"https:\/\/www.konstkluster.se\/konstforening\/wp-json\/wp\/v2\/comments?post=1212"}],"version-history":[{"count":36,"href":"https:\/\/www.konstkluster.se\/konstforening\/wp-json\/wp\/v2\/pages\/1212\/revisions"}],"predecessor-version":[{"id":2165,"href":"https:\/\/www.konstkluster.se\/konstforening\/wp-json\/wp\/v2\/pages\/1212\/revisions\/2165"}],"wp:attachment":[{"href":"https:\/\/www.konstkluster.se\/konstforening\/wp-json\/wp\/v2\/media?parent=1212"}],"curies":[{"name":"wp","href":"https:\/\/api.w.org\/{rel}","templated":true}]}}