{"id":121,"date":"2015-12-27T13:09:51","date_gmt":"2015-12-27T12:09:51","guid":{"rendered":"http:\/\/konstforening.konstkluster.se\/?page_id=121"},"modified":"2025-10-06T14:43:53","modified_gmt":"2025-10-06T12:43:53","slug":"kontakt","status":"publish","type":"page","link":"https:\/\/www.konstkluster.se\/konstforening\/kontakt\/","title":{"rendered":"Kontaktformul\u00e4r"},"content":{"rendered":"<pre><span style=\"color: #ff0000;\">OBS! Detta \u00e4r NOAKs gamla sida f\u00f6r kontakt. OBS!<br \/>Efter 2021-09-08 ska kontakt med NOAK g\u00f6ras via denna <a style=\"color: #ff0000;\" href=\"https:\/\/www.noak-ockero.se\/kontakt\/\" target=\"_blank\" rel=\"noopener\">l\u00e4nk<\/a>.<\/span><\/pre>\n\n<div class=\"wpcf7 no-js\" id=\"wpcf7-f565-o1\" lang=\"sv-SE\" dir=\"ltr\" data-wpcf7-id=\"565\">\n<div class=\"screen-reader-response\"><p role=\"status\" aria-live=\"polite\" aria-atomic=\"true\"><\/p> <ul><\/ul><\/div>\n<form action=\"\/konstforening\/wp-json\/wp\/v2\/pages\/121#wpcf7-f565-o1\" method=\"post\" class=\"wpcf7-form init\" aria-label=\"Kontaktformul\u00e4r\" enctype=\"multipart\/form-data\" novalidate=\"novalidate\" data-status=\"init\">\n<fieldset class=\"hidden-fields-container\"><input type=\"hidden\" name=\"_wpcf7\" value=\"565\" \/><input type=\"hidden\" name=\"_wpcf7_version\" value=\"6.1.2\" \/><input type=\"hidden\" name=\"_wpcf7_locale\" value=\"sv_SE\" \/><input type=\"hidden\" name=\"_wpcf7_unit_tag\" value=\"wpcf7-f565-o1\" \/><input type=\"hidden\" name=\"_wpcf7_container_post\" value=\"0\" \/><input type=\"hidden\" name=\"_wpcf7_posted_data_hash\" value=\"\" \/>\n<\/fieldset>\n<p> * Namn\n<\/p>\n<p><span class=\"wpcf7-form-control-wrap\" data-name=\"your-name\"><input size=\"40\" maxlength=\"400\" class=\"wpcf7-form-control wpcf7-text wpcf7-validates-as-required\" aria-required=\"true\" aria-invalid=\"false\" value=\"\" type=\"text\" name=\"your-name\" \/><\/span>\n<\/p>\n<p> * E-postadress\n<\/p>\n<p><span class=\"wpcf7-form-control-wrap\" data-name=\"your-email\"><input size=\"40\" maxlength=\"400\" class=\"wpcf7-form-control wpcf7-email wpcf7-validates-as-required wpcf7-text wpcf7-validates-as-email\" aria-required=\"true\" aria-invalid=\"false\" value=\"\" type=\"email\" name=\"your-email\" \/><\/span>\n<\/p>\n<p>* \u00c4mne\n<\/p>\n<p><span class=\"wpcf7-form-control-wrap\" data-name=\"your-subject\"><input size=\"40\" maxlength=\"400\" class=\"wpcf7-form-control wpcf7-text\" aria-invalid=\"false\" value=\"\" type=\"text\" name=\"your-subject\" \/><\/span>\n<\/p>\n<p>* Meddelande\n<\/p>\n<p><span class=\"wpcf7-form-control-wrap\" data-name=\"your-message\"><textarea cols=\"40\" rows=\"10\" maxlength=\"2000\" class=\"wpcf7-form-control wpcf7-textarea\" aria-invalid=\"false\" name=\"your-message\"><\/textarea><\/span>\n<\/p>\n<p><span class=\"wpcf7-form-control-wrap\" data-name=\"bifoga_fil\"><input size=\"40\" class=\"wpcf7-form-control wpcf7-file\" accept=\"audio\/*,video\/*,image\/*\" aria-invalid=\"false\" type=\"file\" name=\"bifoga_fil\" \/><\/span>\n<\/p>\n<p><input class=\"wpcf7-form-control wpcf7-submit has-spinner\" type=\"submit\" value=\"Skicka\" \/>\n<\/p><div class=\"wpcf7-response-output\" aria-hidden=\"true\"><\/div>\n<\/form>\n<\/div>\n\n<p>Vi \u00e5terkopplar inom en arbetsvecka.<\/p>\n<p>PS<br \/>En del e-postklienter placerar v\u00e5ra mailutskick i inkorgen f\u00f6r spam\/skr\u00e4p\/junk, s\u00e5 leta efter mail ifr\u00e5n oss d\u00e4r &#8211; om du saknar dem i din vanliga inkorg.<\/p>\n<hr \/>\n\n\n<p><\/p>\n","protected":false},"excerpt":{"rendered":"<p>OBS! Detta \u00e4r NOAKs gamla sida f\u00f6r kontakt. OBS!Efter 2021-09-08 ska kontakt med NOAK g\u00f6ras via denna l\u00e4nk. Vi \u00e5terkopplar inom en arbetsvecka. PSEn del e-postklienter placerar v\u00e5ra mailutskick i inkorgen f\u00f6r spam\/skr\u00e4p\/junk, s\u00e5 leta efter mail ifr\u00e5n oss d\u00e4r &#8211; om du saknar dem i din vanliga inkorg.<\/p>\n","protected":false},"author":2,"featured_media":0,"parent":0,"menu_order":0,"comment_status":"closed","ping_status":"closed","template":"","meta":{"footnotes":""},"class_list":["post-121","page","type-page","status-publish","hentry"],"_links":{"self":[{"href":"https:\/\/www.konstkluster.se\/konstforening\/wp-json\/wp\/v2\/pages\/121","targetHints":{"allow":["GET"]}}],"collection":[{"href":"https:\/\/www.konstkluster.se\/konstforening\/wp-json\/wp\/v2\/pages"}],"about":[{"href":"https:\/\/www.konstkluster.se\/konstforening\/wp-json\/wp\/v2\/types\/page"}],"author":[{"embeddable":true,"href":"https:\/\/www.konstkluster.se\/konstforening\/wp-json\/wp\/v2\/users\/2"}],"replies":[{"embeddable":true,"href":"https:\/\/www.konstkluster.se\/konstforening\/wp-json\/wp\/v2\/comments?post=121"}],"version-history":[{"count":23,"href":"https:\/\/www.konstkluster.se\/konstforening\/wp-json\/wp\/v2\/pages\/121\/revisions"}],"predecessor-version":[{"id":2977,"href":"https:\/\/www.konstkluster.se\/konstforening\/wp-json\/wp\/v2\/pages\/121\/revisions\/2977"}],"wp:attachment":[{"href":"https:\/\/www.konstkluster.se\/konstforening\/wp-json\/wp\/v2\/media?parent=121"}],"curies":[{"name":"wp","href":"https:\/\/api.w.org\/{rel}","templated":true}]}}