{"id":119,"date":"2015-12-27T13:04:53","date_gmt":"2015-12-27T12:04:53","guid":{"rendered":"http:\/\/konstforening.konstkluster.se\/?page_id=119"},"modified":"2017-05-22T13:21:38","modified_gmt":"2017-05-22T11:21:38","slug":"tavling","status":"publish","type":"page","link":"https:\/\/www.konstkluster.se\/konstforening\/tavling\/","title":{"rendered":"T\u00e4vling"},"content":{"rendered":"<hr \/>\n<p><strong>OBS! T\u00e4vlingen \u00e4r avslutad!<\/strong><\/p>\n<hr \/>\n<p>F\u00f6rslag p\u00e5 logotype tas tacksamt emot.\u00a0Medlemmarna kommer att r\u00f6sta fram ett vinnande f\u00f6rslag, som premieras med en g\u00e5va.<\/p>\n<p>Vi t\u00e4nker oss en logotype som fungerar i f\u00f6ljande omgivningar:<\/p>\n<ul>\n<li>P\u00e5 webben ex NOAK hemsida\/ Facebook-profil\/ Instagram-profil<\/li>\n<li>I\u00a0diverse filer ex Word-\/ Excel\/ Powerpoint med tillh\u00f6rande pdf-er<\/li>\n<li>Utskriven i s\u00e5v\u00e4l litet som stort format, ex som dekor p\u00e5 sm\u00e5 pins eller som st\u00f6rre skylt f\u00f6r marknadsf\u00f6ring.<\/li>\n<\/ul>\n<p>Det vore trevligt med en logotype som fungerar\u00a0s\u00e5v\u00e4l i f\u00e4rg som i svartvitt.<\/p>\n<p>Bidrag till logotype-t\u00e4vlingen beh\u00f6ver vara inl\u00e4mnade senast den 1 maj 2017.<\/p>\n<p>Skicka g\u00e4rna in ditt f\u00f6rslag p\u00e5 logga via v\u00e5rt\u00a0<a href=\"https:\/\/www.konstkluster.se\/konstforening\/kontakt\/\">kontaktformul\u00e4r<\/a> h\u00e4r p\u00e5 NOAK hemsida.<\/p>\n<hr \/>\n","protected":false},"excerpt":{"rendered":"<p>OBS! T\u00e4vlingen \u00e4r avslutad! F\u00f6rslag p\u00e5 logotype tas tacksamt emot.\u00a0Medlemmarna kommer att r\u00f6sta fram ett vinnande f\u00f6rslag, som premieras med en g\u00e5va. Vi t\u00e4nker oss en logotype som fungerar i f\u00f6ljande omgivningar: P\u00e5 webben ex NOAK hemsida\/ Facebook-profil\/ Instagram-profil I\u00a0diverse filer ex Word-\/ Excel\/ Powerpoint med tillh\u00f6rande pdf-er Utskriven i s\u00e5v\u00e4l litet som stort format, &hellip; <a href=\"https:\/\/www.konstkluster.se\/konstforening\/tavling\/\" class=\"more-link\">Forts\u00e4tt l\u00e4sa <span class=\"screen-reader-text\">T\u00e4vling<\/span><\/a><\/p>\n","protected":false},"author":2,"featured_media":0,"parent":0,"menu_order":0,"comment_status":"closed","ping_status":"closed","template":"","meta":{"footnotes":""},"class_list":["post-119","page","type-page","status-publish","hentry"],"_links":{"self":[{"href":"https:\/\/www.konstkluster.se\/konstforening\/wp-json\/wp\/v2\/pages\/119","targetHints":{"allow":["GET"]}}],"collection":[{"href":"https:\/\/www.konstkluster.se\/konstforening\/wp-json\/wp\/v2\/pages"}],"about":[{"href":"https:\/\/www.konstkluster.se\/konstforening\/wp-json\/wp\/v2\/types\/page"}],"author":[{"embeddable":true,"href":"https:\/\/www.konstkluster.se\/konstforening\/wp-json\/wp\/v2\/users\/2"}],"replies":[{"embeddable":true,"href":"https:\/\/www.konstkluster.se\/konstforening\/wp-json\/wp\/v2\/comments?post=119"}],"version-history":[{"count":19,"href":"https:\/\/www.konstkluster.se\/konstforening\/wp-json\/wp\/v2\/pages\/119\/revisions"}],"predecessor-version":[{"id":1021,"href":"https:\/\/www.konstkluster.se\/konstforening\/wp-json\/wp\/v2\/pages\/119\/revisions\/1021"}],"wp:attachment":[{"href":"https:\/\/www.konstkluster.se\/konstforening\/wp-json\/wp\/v2\/media?parent=119"}],"curies":[{"name":"wp","href":"https:\/\/api.w.org\/{rel}","templated":true}]}}