{"id":1163,"date":"2017-11-08T12:11:35","date_gmt":"2017-11-08T11:11:35","guid":{"rendered":"http:\/\/www.konstkluster.se\/konstforening\/?page_id=1163"},"modified":"2017-11-08T12:16:51","modified_gmt":"2017-11-08T11:16:51","slug":"mala-stilleben-med-noak","status":"publish","type":"page","link":"https:\/\/www.konstkluster.se\/konstforening\/mala-stilleben-med-noak\/","title":{"rendered":"M\u00e5la stilleben med NOAK"},"content":{"rendered":"<h2>Studiecirkel<\/h2>\n<p>M\u00e5la med oss 3 tillf\u00e4llen i h\u00f6st, i bildsalen p\u00e5 Hedens skola. NOAK komponerar stilleben. F\u00f6rsta tr\u00e4ffen \u00e4r l\u00f6rdag 30\/9.<\/p>\n<p>Du tar med dig eget valfritt m\u00e5larmaterial t ex akvarell eller\u00a0oljef\u00e4rger, penslar och n\u00e5got att m\u00e5la p\u00e5. Om du \u00f6nskar ett staffli, s\u00e5 tar du med dig det ocks\u00e5. Tanken \u00e4r att vi tr\u00e4ffas, m\u00e5lar och har det kul. Inga krav, bara \u00f6va.<\/p>\n<p>V\u00e4lkomna s\u00e5v\u00e4l medlemmar som icke medlemmar, f\u00f6rst till kvarn.<\/p>\n<h2>Bokning<\/h2>\n<p><strong>Cirkelledare:<\/strong>\u00a0Kia Eliasson (obs ingen utbildningskurs) vi inspireras av varandra<br \/>\n<strong>Lokal<\/strong>: Bildsalen p\u00e5 Hedens skola, H\u00f6n\u00f6. (se <a href=\"https:\/\/www.google.se\/maps\/place\/Hedens+skola+och+f%C3%B6rskola\/@57.7016898,11.6728827,11z\/data=!4m8!1m2!2m1!1zaGVkZW5za29sYW4gw7Zja2Vyw7Y!3m4!1s0x464f8f9d6711c141:0x2c997c5c25179ca1!8m2!3d57.6977077!4d11.6532752\" target=\"_blank\" rel=\"noopener noreferrer\">karta<\/a>)<br \/>\n<strong>Tid:<\/strong> kl 10:00 &#8211; 13:00<br \/>\n<strong>Startdatum:<\/strong>\u00a0l\u00f6rdag 30\u00a0september 2017<br \/>\n<strong>Antal sammankomster:<\/strong>\u00a03 st<br \/>\n<strong>Studietillf\u00e4llen<\/strong>: 30\/9,\u00a028\/10, 11\/11<br \/>\n<strong>Platser kvar:<\/strong> Ja<br \/>\n<strong>Avgift f\u00f6r medlem:<\/strong> 50\u00a0SEK\/studietillf\u00e4lle<br \/>\n<strong>Avgift f\u00f6r icke medlem:<\/strong>\u00a0100\u00a0SEK\/studietillf\u00e4lle<\/p>\n<h2>Anm\u00e4lan<\/h2>\n<p>Anm\u00e4l dig g\u00e4rna till samtliga 3 tillf\u00e4llen direkt, s\u00e5 att du \u00e4r s\u00e4ker p\u00e5 att f\u00e5 en plats. Vi planerar f\u00f6r 7 fasta platser och ut\u00f6ver dessa n\u00e5gra f\u00f6r dem som bara kan komma vid n\u00e5got enstaka tillf\u00e4lle.<\/p>\n<p>Anm\u00e4lan sker via <a href=\"mailto:kia.eliasson@hotmail.com\">mail<\/a>. Vid fr\u00e5gor ring till Kia p\u00e5 tfn 0766 319437.<\/p>\n<p>Avgiften ska betalas omg\u00e5ende efter det att svarsmail skickats ut om erh\u00e5llen studiecirkelplats, se inbetalningsalternativ <a href=\"https:\/\/www.konstkluster.se\/konstforening\/inbetalning\/\">h\u00e4r<\/a>.<\/p>\n<p><a href=\"https:\/\/www.konstkluster.se\/konstforening\/wp-content\/uploads\/2015\/08\/FUlogoKV-Gbg.png\" rel=\"attachment wp-att-82\"><img loading=\"lazy\" decoding=\"async\" class=\"size-medium wp-image-82 alignleft\" src=\"https:\/\/www.konstkluster.se\/konstforening\/wp-content\/uploads\/2015\/08\/FUlogoKV-Gbg-300x37.png\" alt=\"Folkuniversitetet i G\u00f6teborg\" width=\"300\" height=\"37\" srcset=\"https:\/\/www.konstkluster.se\/konstforening\/wp-content\/uploads\/2015\/08\/FUlogoKV-Gbg-300x37.png 300w, https:\/\/www.konstkluster.se\/konstforening\/wp-content\/uploads\/2015\/08\/FUlogoKV-Gbg-825x105.png 825w, https:\/\/www.konstkluster.se\/konstforening\/wp-content\/uploads\/2015\/08\/FUlogoKV-Gbg.png 855w\" sizes=\"auto, (max-width: 300px) 100vw, 300px\" \/><\/a><\/p>\n<p>&nbsp;<\/p>\n<hr \/>\n","protected":false},"excerpt":{"rendered":"<p>Studiecirkel M\u00e5la med oss 3 tillf\u00e4llen i h\u00f6st, i bildsalen p\u00e5 Hedens skola. NOAK komponerar stilleben. F\u00f6rsta tr\u00e4ffen \u00e4r l\u00f6rdag 30\/9. Du tar med dig eget valfritt m\u00e5larmaterial t ex akvarell eller\u00a0oljef\u00e4rger, penslar och n\u00e5got att m\u00e5la p\u00e5. Om du \u00f6nskar ett staffli, s\u00e5 tar du med dig det ocks\u00e5. Tanken \u00e4r att vi tr\u00e4ffas, &hellip; <a href=\"https:\/\/www.konstkluster.se\/konstforening\/mala-stilleben-med-noak\/\" class=\"more-link\">Forts\u00e4tt l\u00e4sa <span class=\"screen-reader-text\">M\u00e5la stilleben med NOAK<\/span><\/a><\/p>\n","protected":false},"author":2,"featured_media":0,"parent":0,"menu_order":0,"comment_status":"closed","ping_status":"closed","template":"","meta":{"footnotes":""},"class_list":["post-1163","page","type-page","status-publish","hentry"],"_links":{"self":[{"href":"https:\/\/www.konstkluster.se\/konstforening\/wp-json\/wp\/v2\/pages\/1163","targetHints":{"allow":["GET"]}}],"collection":[{"href":"https:\/\/www.konstkluster.se\/konstforening\/wp-json\/wp\/v2\/pages"}],"about":[{"href":"https:\/\/www.konstkluster.se\/konstforening\/wp-json\/wp\/v2\/types\/page"}],"author":[{"embeddable":true,"href":"https:\/\/www.konstkluster.se\/konstforening\/wp-json\/wp\/v2\/users\/2"}],"replies":[{"embeddable":true,"href":"https:\/\/www.konstkluster.se\/konstforening\/wp-json\/wp\/v2\/comments?post=1163"}],"version-history":[{"count":2,"href":"https:\/\/www.konstkluster.se\/konstforening\/wp-json\/wp\/v2\/pages\/1163\/revisions"}],"predecessor-version":[{"id":1167,"href":"https:\/\/www.konstkluster.se\/konstforening\/wp-json\/wp\/v2\/pages\/1163\/revisions\/1167"}],"wp:attachment":[{"href":"https:\/\/www.konstkluster.se\/konstforening\/wp-json\/wp\/v2\/media?parent=1163"}],"curies":[{"name":"wp","href":"https:\/\/api.w.org\/{rel}","templated":true}]}}