{"id":1155,"date":"2017-11-08T11:37:01","date_gmt":"2017-11-08T10:37:01","guid":{"rendered":"http:\/\/www.konstkluster.se\/konstforening\/?page_id=1155"},"modified":"2017-11-20T19:40:52","modified_gmt":"2017-11-20T18:40:52","slug":"konstutlottningskvall-2311-17-kl-1700","status":"publish","type":"page","link":"https:\/\/www.konstkluster.se\/konstforening\/konstutlottningskvall-2311-17-kl-1700\/","title":{"rendered":"Konstutlottningskv\u00e4ll 23\/11-17 kl 17:00"},"content":{"rendered":"<p>Alla medlemmar h\u00e4lsas v\u00e4lkomna till NOAK konstf\u00f6renings konstutlottningskv\u00e4ll 2017.<\/p>\n<p><strong>Tid:<\/strong>\u00a0kl 17:00\u00a0torsdag 23 november 2017<br \/>\n<strong>Plats:<\/strong>\u00a0Utst\u00e4llningshallen i \u00d6cker\u00f6 bibliotek (se\u00a0<a href=\"https:\/\/www.google.se\/maps\/place\/%C3%96cker%C3%B6+bibliotek\/@57.7090226,11.6522781,17z\/data=!3m1!4b1!4m5!3m4!1s0x464f8f7ab74c407d:0xa7e5bfc102be7246!8m2!3d57.7090226!4d11.6544721?hl=sv\" target=\"_blank\" rel=\"noopener\">karta<\/a>)<\/p>\n<p>Under kv\u00e4llen kommer <strong>utlottning av 15 st konstverk<\/strong> att ske. Vinsterna i konstlotteriet presenteras <a href=\"https:\/\/www.konstkluster.se\/konstforening\/vinster-noak-konstutlottning-2017\/\">h\u00e4r<\/a>.<\/p>\n<p>N\u00e4r sj\u00e4lva lottningen \u00e4r gjord s\u00e5 kommer konstverken att delas ut direkt i lottvinstordning. Har du inte m\u00f6jlighet att delta f\u00e5r du givetvis din vinst \u00e4nd\u00e5, men du f\u00e5r kanske inte samma m\u00f6jlighet att v\u00e4lja mellan konstverken \u2013 s\u00e5 se till att prioritera denna kv\u00e4ll och kom! <em>Psst \u2013 ett litet n\u00e4rvaropris kommer att utdelas till n\u00e5gon som \u00e4r p\u00e5 plats under kv\u00e4llen<\/em>!!<\/p>\n<p>VARMT V\u00c4LKOMNA!!<\/p>\n<p>\u00d6nskar ordinarie ledam\u00f6ter o suppleanter i NOAK styrelse:<br \/>\nBirgitta, Pia,\u00a0Sigvard,\u00a0Margareta,\u00a0Lena,\u00a0Ir\u00e9ne, Kia, Monica,\u00a0Svetlana<\/p>\n<p><a href=\"https:\/\/www.konstkluster.se\/konstforening\/wp-content\/uploads\/2015\/08\/FUlogoKV-Gbg.png\" rel=\"attachment wp-att-82\"><img loading=\"lazy\" decoding=\"async\" class=\"size-medium wp-image-82 alignleft\" src=\"https:\/\/www.konstkluster.se\/konstforening\/wp-content\/uploads\/2015\/08\/FUlogoKV-Gbg-300x37.png\" alt=\"Folkuniversitetet i G\u00f6teborg\" width=\"300\" height=\"37\" srcset=\"https:\/\/www.konstkluster.se\/konstforening\/wp-content\/uploads\/2015\/08\/FUlogoKV-Gbg-300x37.png 300w, https:\/\/www.konstkluster.se\/konstforening\/wp-content\/uploads\/2015\/08\/FUlogoKV-Gbg-825x105.png 825w, https:\/\/www.konstkluster.se\/konstforening\/wp-content\/uploads\/2015\/08\/FUlogoKV-Gbg.png 855w\" sizes=\"auto, (max-width: 300px) 100vw, 300px\" \/><\/a><\/p>\n<p>&nbsp;<\/p>\n<p>&nbsp;<\/p>\n<hr \/>\n","protected":false},"excerpt":{"rendered":"<p>Alla medlemmar h\u00e4lsas v\u00e4lkomna till NOAK konstf\u00f6renings konstutlottningskv\u00e4ll 2017. Tid:\u00a0kl 17:00\u00a0torsdag 23 november 2017 Plats:\u00a0Utst\u00e4llningshallen i \u00d6cker\u00f6 bibliotek (se\u00a0karta) Under kv\u00e4llen kommer utlottning av 15 st konstverk att ske. Vinsterna i konstlotteriet presenteras h\u00e4r. N\u00e4r sj\u00e4lva lottningen \u00e4r gjord s\u00e5 kommer konstverken att delas ut direkt i lottvinstordning. Har du inte m\u00f6jlighet att delta f\u00e5r &hellip; <a href=\"https:\/\/www.konstkluster.se\/konstforening\/konstutlottningskvall-2311-17-kl-1700\/\" class=\"more-link\">Forts\u00e4tt l\u00e4sa <span class=\"screen-reader-text\">Konstutlottningskv\u00e4ll 23\/11-17 kl 17:00<\/span><\/a><\/p>\n","protected":false},"author":2,"featured_media":0,"parent":0,"menu_order":0,"comment_status":"closed","ping_status":"closed","template":"","meta":{"footnotes":""},"class_list":["post-1155","page","type-page","status-publish","hentry"],"_links":{"self":[{"href":"https:\/\/www.konstkluster.se\/konstforening\/wp-json\/wp\/v2\/pages\/1155","targetHints":{"allow":["GET"]}}],"collection":[{"href":"https:\/\/www.konstkluster.se\/konstforening\/wp-json\/wp\/v2\/pages"}],"about":[{"href":"https:\/\/www.konstkluster.se\/konstforening\/wp-json\/wp\/v2\/types\/page"}],"author":[{"embeddable":true,"href":"https:\/\/www.konstkluster.se\/konstforening\/wp-json\/wp\/v2\/users\/2"}],"replies":[{"embeddable":true,"href":"https:\/\/www.konstkluster.se\/konstforening\/wp-json\/wp\/v2\/comments?post=1155"}],"version-history":[{"count":8,"href":"https:\/\/www.konstkluster.se\/konstforening\/wp-json\/wp\/v2\/pages\/1155\/revisions"}],"predecessor-version":[{"id":1210,"href":"https:\/\/www.konstkluster.se\/konstforening\/wp-json\/wp\/v2\/pages\/1155\/revisions\/1210"}],"wp:attachment":[{"href":"https:\/\/www.konstkluster.se\/konstforening\/wp-json\/wp\/v2\/media?parent=1155"}],"curies":[{"name":"wp","href":"https:\/\/api.w.org\/{rel}","templated":true}]}}