{"id":1087,"date":"2017-09-12T16:50:49","date_gmt":"2017-09-12T14:50:49","guid":{"rendered":"http:\/\/www.konstkluster.se\/konstforening\/?page_id=1087"},"modified":"2017-09-12T17:36:46","modified_gmt":"2017-09-12T15:36:46","slug":"ateljebesok-hos-jurgen-asp","status":"publish","type":"page","link":"https:\/\/www.konstkluster.se\/konstforening\/ateljebesok-hos-jurgen-asp\/","title":{"rendered":"Atelj\u00e9bes\u00f6k hos J\u00fcrgen Asp"},"content":{"rendered":"<p>S\u00e5v\u00e4l medlemmar som \u00f6vriga intresserade \u00e4r varmt v\u00e4lkomna till konstn\u00e4r\u00a0<strong>J\u00fcrgen Asp\u00a0<\/strong>i hans atelj\u00e9 p\u00e5 Ring\u00f6n. Begr\u00e4nsat antal platser.<\/p>\n<p><strong>Tid:<\/strong>\u00a0onsdag 11 oktober 2017 kl 17:00<br \/>\n<strong>Plats:<\/strong>\u00a0Bildverkstan p\u00e5 Ring\u00f6n (J\u00e4rnmalmsgatan 5,\u00a0G\u00f6teborg, se <a href=\"https:\/\/www.google.se\/maps\/place\/J%C3%A4rnmalmsgatan+5,+417+07+G%C3%B6teborg\/@57.7211661,11.9710768,15.44z\/data=!4m5!3m4!1s0x464ff49bebde5ccf:0x1736e87c98eb81a0!8m2!3d57.7209223!4d11.9742716?hl=sv\" target=\"_blank\" rel=\"noopener noreferrer\">karta<\/a>)<br \/>\n<strong>Kostnad: <\/strong>(betalas med <a href=\"https:\/\/www.konstkluster.se\/konstforening\/inbetalning\/\">swish<\/a> eller\u00a0kontant direkt p\u00e5 plats)<br \/>\nF\u00f6r medlemmar: 80 SEK<br \/>\nF\u00f6r icke-medlemmar: 100 SEK<\/p>\n<p><strong>Anm\u00e4lan &amp; \u00f6vrig info:<\/strong><br \/>\nSkriv ett\u00a0<a href=\"mailto:konstforening@konstkluster.se\">mail<\/a> till konstf\u00f6reningen eller ring till Margareta Frid p\u00e5 tfn 0709 93 93 01.<br \/>\n<span style=\"color: #000000;\"> Sista anm\u00e4lningsdatum: 9 oktober 2017<\/span><br \/>\nMax antal platser: 11<span style=\"color: #ff0000;\">\u00a0<\/span>st<\/p>\n<p>J\u00fcrgen Asp \u00e4r en yrkesverksam konstn\u00e4r med atelj\u00e9 p\u00e5 Ring\u00f6n i G\u00f6teborg och i Stenungsund. J\u00fcrgen arbetar i olika material, han bedriver kurser i egen regi b\u00e5de p\u00e5 Akvarellmuseet och p\u00e5 Kyrkeruds folkh\u00f6gskola.<\/p>\n<p>En allsidig illustrat\u00f6r som visualiserar det som inte alltid kan ber\u00e4ttas i ord och text. Fr\u00e5n det fria uttrycket till informativa produktillustrationer som grafisk formgivare och illustrat\u00f6r, sedan -81 med m\u00e5ng\u00e5rig erfarenhet av arbete med b\u00f6cker, tidningar och jobb inom byr\u00e5v\u00e4rlden.<\/p>\n<p>Vid v\u00e5rt bes\u00f6k blir vi bjudna p\u00e5 fisksoppa.<\/p>\n<div id='gallery-1' class='gallery galleryid-1087 gallery-columns-3 gallery-size-thumbnail'><figure class='gallery-item'>\n\t\t\t<div class='gallery-icon portrait'>\n\t\t\t\t<a href='https:\/\/www.konstkluster.se\/konstforening\/ateljebesok-hos-jurgen-asp\/black-cliffs-70-x-50-akvarell\/'><img loading=\"lazy\" decoding=\"async\" width=\"150\" height=\"150\" src=\"https:\/\/www.konstkluster.se\/konstforening\/wp-content\/uploads\/2017\/09\/Black-cliffs-70-x-50-akvarell-150x150.gif\" class=\"attachment-thumbnail size-thumbnail\" alt=\"\" \/><\/a>\n\t\t\t<\/div><\/figure><figure class='gallery-item'>\n\t\t\t<div class='gallery-icon landscape'>\n\t\t\t\t<a href='https:\/\/www.konstkluster.se\/konstforening\/ateljebesok-hos-jurgen-asp\/asp1\/'><img loading=\"lazy\" decoding=\"async\" width=\"150\" height=\"150\" src=\"https:\/\/www.konstkluster.se\/konstforening\/wp-content\/uploads\/2017\/09\/asp1-150x150.gif\" class=\"attachment-thumbnail size-thumbnail\" alt=\"\" \/><\/a>\n\t\t\t<\/div><\/figure><figure class='gallery-item'>\n\t\t\t<div class='gallery-icon landscape'>\n\t\t\t\t<a href='https:\/\/www.konstkluster.se\/konstforening\/ateljebesok-hos-jurgen-asp\/gota-kanal-70-x-50-akvarell\/'><img loading=\"lazy\" decoding=\"async\" width=\"150\" height=\"150\" src=\"https:\/\/www.konstkluster.se\/konstforening\/wp-content\/uploads\/2017\/09\/G\u00f6ta-kanal-70-x-50-akvarell-150x150.gif\" class=\"attachment-thumbnail size-thumbnail\" alt=\"\" \/><\/a>\n\t\t\t<\/div><\/figure>\n\t\t<\/div>\n\n<p>L\u00e4s mera om J\u00fcrgen Asp p\u00e5 hans <a href=\"http:\/\/www.jurgenasp.com\/\">hemsida<\/a>.<br \/>\nAtelj\u00e9 J\u00fcrgen Asp p\u00e5 <a href=\"https:\/\/www.facebook.com\/Atelje-J%C3%BCrgen-Asp-171579272932904\/?hc_ref=ARQzL2KxFb7gzHljofycZGRRKCZs_wOmG2YagUnBYWeobFLutPvaX6pHGqpUZveheMQ\">Facebook<\/a>.<\/p>\n<p>J\u00fcrgen har studerat vid Gerlesborgsskolan, Hovedskous m\u00e5larskola, Konstindustriskolan i G\u00f6teborg och egna studier i Spanien och \u00d6sttyskland. (se utf\u00f6rligare CV <a href=\"http:\/\/www.jurgenasp.com\/2-me.cv.html\">h\u00e4r<\/a>)<\/p>\n<p>Se J\u00fcrgens teckningar <a href=\"http:\/\/www.jurgenasp.com\/12-teckningar.html\">h\u00e4r<\/a>.<br \/>\nSe J\u00fcrgens m\u00e5lningar <a href=\"http:\/\/www.jurgenasp.com\/3-maleriet.html\">h\u00e4r<\/a>.<br \/>\nSe J\u00fcrgens illustrationer <a href=\"http:\/\/www.jurgenasp.com\/1-illustration.html\">h\u00e4r<\/a>.<a href=\"https:\/\/www.facebook.com\/F%C3%A4rjen%C3%A4s-Konstverkstad-1439739696328789\/?fref=ts\" target=\"_blank\" rel=\"noopener noreferrer\"><br \/>\n<\/a><br \/>\n<a href=\"https:\/\/www.konstkluster.se\/konstforening\/wp-content\/uploads\/2015\/08\/FUlogoKV-Gbg.png\" rel=\"attachment wp-att-82\"><img loading=\"lazy\" decoding=\"async\" class=\"size-medium wp-image-82 alignleft\" src=\"https:\/\/www.konstkluster.se\/konstforening\/wp-content\/uploads\/2015\/08\/FUlogoKV-Gbg-300x37.png\" alt=\"Folkuniversitetet i G\u00f6teborg\" width=\"300\" height=\"37\" srcset=\"https:\/\/www.konstkluster.se\/konstforening\/wp-content\/uploads\/2015\/08\/FUlogoKV-Gbg-300x37.png 300w, https:\/\/www.konstkluster.se\/konstforening\/wp-content\/uploads\/2015\/08\/FUlogoKV-Gbg-825x105.png 825w, https:\/\/www.konstkluster.se\/konstforening\/wp-content\/uploads\/2015\/08\/FUlogoKV-Gbg.png 855w\" sizes=\"auto, (max-width: 300px) 100vw, 300px\" \/><\/a><\/p>\n<p>&nbsp;<\/p>\n<hr \/>\n","protected":false},"excerpt":{"rendered":"<p>S\u00e5v\u00e4l medlemmar som \u00f6vriga intresserade \u00e4r varmt v\u00e4lkomna till konstn\u00e4r\u00a0J\u00fcrgen Asp\u00a0i hans atelj\u00e9 p\u00e5 Ring\u00f6n. Begr\u00e4nsat antal platser. Tid:\u00a0onsdag 11 oktober 2017 kl 17:00 Plats:\u00a0Bildverkstan p\u00e5 Ring\u00f6n (J\u00e4rnmalmsgatan 5,\u00a0G\u00f6teborg, se karta) Kostnad: (betalas med swish eller\u00a0kontant direkt p\u00e5 plats) F\u00f6r medlemmar: 80 SEK F\u00f6r icke-medlemmar: 100 SEK Anm\u00e4lan &amp; \u00f6vrig info: Skriv ett\u00a0mail till konstf\u00f6reningen &hellip; <a href=\"https:\/\/www.konstkluster.se\/konstforening\/ateljebesok-hos-jurgen-asp\/\" class=\"more-link\">Forts\u00e4tt l\u00e4sa <span class=\"screen-reader-text\">Atelj\u00e9bes\u00f6k hos J\u00fcrgen Asp<\/span><\/a><\/p>\n","protected":false},"author":2,"featured_media":0,"parent":0,"menu_order":0,"comment_status":"closed","ping_status":"closed","template":"","meta":{"footnotes":""},"class_list":["post-1087","page","type-page","status-publish","hentry"],"_links":{"self":[{"href":"https:\/\/www.konstkluster.se\/konstforening\/wp-json\/wp\/v2\/pages\/1087","targetHints":{"allow":["GET"]}}],"collection":[{"href":"https:\/\/www.konstkluster.se\/konstforening\/wp-json\/wp\/v2\/pages"}],"about":[{"href":"https:\/\/www.konstkluster.se\/konstforening\/wp-json\/wp\/v2\/types\/page"}],"author":[{"embeddable":true,"href":"https:\/\/www.konstkluster.se\/konstforening\/wp-json\/wp\/v2\/users\/2"}],"replies":[{"embeddable":true,"href":"https:\/\/www.konstkluster.se\/konstforening\/wp-json\/wp\/v2\/comments?post=1087"}],"version-history":[{"count":6,"href":"https:\/\/www.konstkluster.se\/konstforening\/wp-json\/wp\/v2\/pages\/1087\/revisions"}],"predecessor-version":[{"id":1101,"href":"https:\/\/www.konstkluster.se\/konstforening\/wp-json\/wp\/v2\/pages\/1087\/revisions\/1101"}],"wp:attachment":[{"href":"https:\/\/www.konstkluster.se\/konstforening\/wp-json\/wp\/v2\/media?parent=1087"}],"curies":[{"name":"wp","href":"https:\/\/api.w.org\/{rel}","templated":true}]}}