{"id":1085,"date":"2017-10-07T20:38:58","date_gmt":"2017-10-07T18:38:58","guid":{"rendered":"http:\/\/www.konstkluster.se\/konstforening\/?page_id=1085"},"modified":"2018-02-20T20:28:39","modified_gmt":"2018-02-20T19:28:39","slug":"ateljebesok-hos-alexandra-hedberg","status":"publish","type":"page","link":"https:\/\/www.konstkluster.se\/konstforening\/ateljebesok-hos-alexandra-hedberg\/","title":{"rendered":"Atelj\u00e9bes\u00f6k hos Alexandra Hedberg"},"content":{"rendered":"<p><strong>Alexandra Hedberg<\/strong> bjuder in till sin ljusa atelj\u00e9 p\u00e5 \u00c5ngpannegatan d\u00e4r hon arbetar med teckning och m\u00e5leri samt skisser\/f\u00f6rberedelser inf\u00f6r skulptur och grafik. I dessa lokaler hade tidigare Hells Angeles sin klubblokal, men numera huserar ist\u00e4llet konstn\u00e4rer h\u00e4r.<\/p>\n<p>Begr\u00e4nsat antal platser.<\/p>\n<p><strong>Tid:<\/strong>\u00a0s\u00f6ndag 19 november 2017 kl 14:00<br \/>\n<strong>Plats:<\/strong>\u00a0\u00c5ngpannegatan 5, v\u00e5n 2, G\u00f6teborg. Ing\u00e5ng via \u201dAllt i hem\u201d , se <a href=\"https:\/\/www.google.se\/maps\/place\/%C3%85ngpannegatan+5,+417+05+G%C3%B6teborg\/@57.7265515,11.9468439,17z\/data=!3m1!4b1!4m5!3m4!1s0x464ff4a55e0b9ed5:0x8ca3a82f6b3717a0!8m2!3d57.7265515!4d11.9490326\" target=\"_blank\" rel=\"noopener\">karta<\/a><br \/>\n<strong>Kostnad: <\/strong>(betalas med <a href=\"https:\/\/www.konstkluster.se\/konstforening\/inbetalning\/\">swish<\/a> eller\u00a0kontant direkt p\u00e5 plats)<br \/>\nF\u00f6r medlemmar: 80 SEK<br \/>\nF\u00f6r icke-medlemmar: 100 SEK<\/p>\n<p><strong>Anm\u00e4lan &amp; \u00f6vrig info:<\/strong><br \/>\nSkriv ett\u00a0<a href=\"mailto:konstforening@konstkluster.se\">mail<\/a> till konstf\u00f6reningen eller ring till Margareta Frid p\u00e5 tfn 0709 93 93 01.<br \/>\n<span style=\"color: #000000;\"> Sista anm\u00e4lni<\/span>ng<span style=\"color: #000000;\">sdatum: 17 november 2017<\/span><br \/>\nMax antal platser: 12 st<\/p>\n<p>Alexandra Hedberg har i sin konst alltid arbetat med n\u00e5gon form av m\u00e4nskligt portr\u00e4tterande. Sedan flera \u00e5r tillbaka fokuserar hon fr\u00e4mst p\u00e5 skrattet, oftast i serier som utforskar olika aspekter. Ett skratt kan ju vara s\u00e5 mycket; njutningslystet, skadeglatt, professionellt, generat, lyckligt \u2026 och anv\u00e4ndas p\u00e5 s\u00e5 m\u00e5nga olika s\u00e4tt. Alexandra \u00e4r fr\u00e5n b\u00f6rjan m\u00e5lare, men har p\u00e5 senare \u00e5r s\u00f6kt sig till andra tekniker, men ocks\u00e5 ett mer rumsligt f\u00f6rh\u00e5llningss\u00e4tt \u2013 allt f\u00f6r att b\u00e4ttre lyckas skildra skrattet.<\/p>\n<p>Vid sidan av sin egen konstn\u00e4rliga verksamhet har Alexandra utf\u00f6rt ett stort antal offentliga gestaltningsuppdrag samt g\u00e4stundervisar p\u00e5 konstskolor och h\u00e5ller fortbildande kurser f\u00f6r konstn\u00e4rer. Hon har suttit i Konstn\u00e4rernas Riksorganisations huvudstyrelse och har varit vice ordf\u00f6rande p\u00e5 Konstn\u00e4rernas Kollektivverkstad i G\u00f6teborg.<\/p>\n<p>Alexandra bjuder p\u00e5 fika (kaffe\/te och n\u00e5got d\u00e4rtill)<\/p>\n<div id='gallery-1' class='gallery galleryid-1085 gallery-columns-4 gallery-size-thumbnail'><figure class='gallery-item'>\n\t\t\t<div class='gallery-icon portrait'>\n\t\t\t\t<a href='https:\/\/www.konstkluster.se\/konstforening\/ateljebesok-hos-alexandra-hedberg\/alexandrahedberg_nb1\/'><img loading=\"lazy\" decoding=\"async\" width=\"150\" height=\"150\" src=\"https:\/\/www.konstkluster.se\/konstforening\/wp-content\/uploads\/2017\/10\/alexandrahedberg_nb1-150x150.jpg\" class=\"attachment-thumbnail size-thumbnail\" alt=\"\" \/><\/a>\n\t\t\t<\/div><\/figure><figure class='gallery-item'>\n\t\t\t<div class='gallery-icon portrait'>\n\t\t\t\t<a href='https:\/\/www.konstkluster.se\/konstforening\/ateljebesok-hos-alexandra-hedberg\/alexandrahedberg_nb5\/'><img loading=\"lazy\" decoding=\"async\" width=\"150\" height=\"150\" src=\"https:\/\/www.konstkluster.se\/konstforening\/wp-content\/uploads\/2017\/10\/alexandrahedberg_nb5-150x150.jpg\" class=\"attachment-thumbnail size-thumbnail\" alt=\"\" \/><\/a>\n\t\t\t<\/div><\/figure><figure class='gallery-item'>\n\t\t\t<div class='gallery-icon portrait'>\n\t\t\t\t<a href='https:\/\/www.konstkluster.se\/konstforening\/ateljebesok-hos-alexandra-hedberg\/alexandrahedberg_nb6\/'><img loading=\"lazy\" decoding=\"async\" width=\"150\" height=\"150\" src=\"https:\/\/www.konstkluster.se\/konstforening\/wp-content\/uploads\/2017\/10\/alexandrahedberg_nb6-150x150.jpg\" class=\"attachment-thumbnail size-thumbnail\" alt=\"\" \/><\/a>\n\t\t\t<\/div><\/figure><figure class='gallery-item'>\n\t\t\t<div class='gallery-icon landscape'>\n\t\t\t\t<a href='https:\/\/www.konstkluster.se\/konstforening\/ateljebesok-hos-alexandra-hedberg\/alexandrahedberg_nb3\/'><img loading=\"lazy\" decoding=\"async\" width=\"150\" height=\"150\" src=\"https:\/\/www.konstkluster.se\/konstforening\/wp-content\/uploads\/2017\/10\/alexandrahedberg_nb3-150x150.jpg\" class=\"attachment-thumbnail size-thumbnail\" alt=\"\" \/><\/a>\n\t\t\t<\/div><\/figure><figure class='gallery-item'>\n\t\t\t<div class='gallery-icon landscape'>\n\t\t\t\t<a href='https:\/\/www.konstkluster.se\/konstforening\/ateljebesok-hos-alexandra-hedberg\/alexandrahedberg_nb2\/'><img loading=\"lazy\" decoding=\"async\" width=\"150\" height=\"150\" src=\"https:\/\/www.konstkluster.se\/konstforening\/wp-content\/uploads\/2017\/10\/alexandrahedberg_nb2-150x150.jpg\" class=\"attachment-thumbnail size-thumbnail\" alt=\"\" \/><\/a>\n\t\t\t<\/div><\/figure><figure class='gallery-item'>\n\t\t\t<div class='gallery-icon portrait'>\n\t\t\t\t<a href='https:\/\/www.konstkluster.se\/konstforening\/ateljebesok-hos-alexandra-hedberg\/alexandrahedberg_nb7\/'><img loading=\"lazy\" decoding=\"async\" width=\"150\" height=\"150\" src=\"https:\/\/www.konstkluster.se\/konstforening\/wp-content\/uploads\/2017\/10\/alexandrahedberg_nb7-150x150.jpg\" class=\"attachment-thumbnail size-thumbnail\" alt=\"\" \/><\/a>\n\t\t\t<\/div><\/figure><figure class='gallery-item'>\n\t\t\t<div class='gallery-icon landscape'>\n\t\t\t\t<a href='https:\/\/www.konstkluster.se\/konstforening\/ateljebesok-hos-alexandra-hedberg\/alexandrahedberg_nb4\/'><img loading=\"lazy\" decoding=\"async\" width=\"150\" height=\"150\" src=\"https:\/\/www.konstkluster.se\/konstforening\/wp-content\/uploads\/2017\/10\/alexandrahedberg_nb4-150x150.jpg\" class=\"attachment-thumbnail size-thumbnail\" alt=\"\" \/><\/a>\n\t\t\t<\/div><\/figure><figure class='gallery-item'>\n\t\t\t<div class='gallery-icon landscape'>\n\t\t\t\t<a href='https:\/\/www.konstkluster.se\/konstforening\/ateljebesok-hos-alexandra-hedberg\/alexandrahedberg_nb8\/'><img loading=\"lazy\" decoding=\"async\" width=\"150\" height=\"150\" src=\"https:\/\/www.konstkluster.se\/konstforening\/wp-content\/uploads\/2017\/10\/alexandrahedberg_nb8-150x150.jpg\" class=\"attachment-thumbnail size-thumbnail\" alt=\"\" \/><\/a>\n\t\t\t<\/div><\/figure>\n\t\t<\/div>\n\n<p>Hemsida egen konst:<br \/>\n<a href=\"http:\/\/www.alexandrahedberg.com\" target=\"_blank\" rel=\"noopener\">www.alexandrahedberg.com<\/a><\/p>\n<p>Hemsida gestaltningsuppdrag\/pedagogik:<br \/>\n<a href=\"http:\/\/www.alexandrahedberg.se\" target=\"_blank\" rel=\"noopener\">www.alexandrahedberg.se<br \/>\n<\/a><\/p>\n<p>Intervju med Alexandra:<br \/>\n<a href=\"http:\/\/www.adasweden.se\/arbetsplatsen\/alexandra-hedberg\/\" target=\"_blank\" rel=\"noopener\">http:\/\/www.adasweden.se\/arbetsplatsen\/alexandra-hedberg\/<br \/>\n<\/a><\/p>\n<p>Konstn\u00e4rernas Riksorganisation:<br \/>\n<a href=\"http:\/\/www.kro.se\" target=\"_blank\" rel=\"noopener\">www.kro.se<\/a><\/p>\n<p><a href=\"https:\/\/www.konstkluster.se\/konstforening\/wp-content\/uploads\/2015\/08\/FUlogoKV-Gbg.png\" rel=\"attachment wp-att-82\"><img loading=\"lazy\" decoding=\"async\" class=\"size-medium wp-image-82 alignleft\" src=\"https:\/\/www.konstkluster.se\/konstforening\/wp-content\/uploads\/2015\/08\/FUlogoKV-Gbg-300x37.png\" alt=\"Folkuniversitetet i G\u00f6teborg\" width=\"300\" height=\"37\" srcset=\"https:\/\/www.konstkluster.se\/konstforening\/wp-content\/uploads\/2015\/08\/FUlogoKV-Gbg-300x37.png 300w, https:\/\/www.konstkluster.se\/konstforening\/wp-content\/uploads\/2015\/08\/FUlogoKV-Gbg-825x105.png 825w, https:\/\/www.konstkluster.se\/konstforening\/wp-content\/uploads\/2015\/08\/FUlogoKV-Gbg.png 855w\" sizes=\"auto, (max-width: 300px) 100vw, 300px\" \/><\/a><\/p>\n<p>&nbsp;<\/p>\n<hr \/>\n","protected":false},"excerpt":{"rendered":"<p>Alexandra Hedberg bjuder in till sin ljusa atelj\u00e9 p\u00e5 \u00c5ngpannegatan d\u00e4r hon arbetar med teckning och m\u00e5leri samt skisser\/f\u00f6rberedelser inf\u00f6r skulptur och grafik. I dessa lokaler hade tidigare Hells Angeles sin klubblokal, men numera huserar ist\u00e4llet konstn\u00e4rer h\u00e4r. Begr\u00e4nsat antal platser. Tid:\u00a0s\u00f6ndag 19 november 2017 kl 14:00 Plats:\u00a0\u00c5ngpannegatan 5, v\u00e5n 2, G\u00f6teborg. Ing\u00e5ng via \u201dAllt &hellip; <a href=\"https:\/\/www.konstkluster.se\/konstforening\/ateljebesok-hos-alexandra-hedberg\/\" class=\"more-link\">Forts\u00e4tt l\u00e4sa <span class=\"screen-reader-text\">Atelj\u00e9bes\u00f6k hos Alexandra Hedberg<\/span><\/a><\/p>\n","protected":false},"author":2,"featured_media":0,"parent":0,"menu_order":0,"comment_status":"closed","ping_status":"closed","template":"","meta":{"footnotes":""},"class_list":["post-1085","page","type-page","status-publish","hentry"],"_links":{"self":[{"href":"https:\/\/www.konstkluster.se\/konstforening\/wp-json\/wp\/v2\/pages\/1085","targetHints":{"allow":["GET"]}}],"collection":[{"href":"https:\/\/www.konstkluster.se\/konstforening\/wp-json\/wp\/v2\/pages"}],"about":[{"href":"https:\/\/www.konstkluster.se\/konstforening\/wp-json\/wp\/v2\/types\/page"}],"author":[{"embeddable":true,"href":"https:\/\/www.konstkluster.se\/konstforening\/wp-json\/wp\/v2\/users\/2"}],"replies":[{"embeddable":true,"href":"https:\/\/www.konstkluster.se\/konstforening\/wp-json\/wp\/v2\/comments?post=1085"}],"version-history":[{"count":11,"href":"https:\/\/www.konstkluster.se\/konstforening\/wp-json\/wp\/v2\/pages\/1085\/revisions"}],"predecessor-version":[{"id":1294,"href":"https:\/\/www.konstkluster.se\/konstforening\/wp-json\/wp\/v2\/pages\/1085\/revisions\/1294"}],"wp:attachment":[{"href":"https:\/\/www.konstkluster.se\/konstforening\/wp-json\/wp\/v2\/media?parent=1085"}],"curies":[{"name":"wp","href":"https:\/\/api.w.org\/{rel}","templated":true}]}}