{"id":1067,"date":"2017-08-25T11:29:12","date_gmt":"2017-08-25T09:29:12","guid":{"rendered":"http:\/\/www.konstkluster.se\/konstforening\/?page_id=1067"},"modified":"2017-11-08T14:25:22","modified_gmt":"2017-11-08T13:25:22","slug":"resultat-framrostning-av-noak-logga","status":"publish","type":"page","link":"https:\/\/www.konstkluster.se\/konstforening\/resultat-framrostning-av-noak-logga\/","title":{"rendered":"Framr\u00f6stning av NOAK logga"},"content":{"rendered":"<p>Vi har ett resultat!<a href=\"https:\/\/www.konstkluster.se\/konstforening\/wp-content\/uploads\/2017\/08\/loggaF\u00f6rslag1.jpg\"><img loading=\"lazy\" decoding=\"async\" class=\"size-full wp-image-1068 aligncenter\" src=\"https:\/\/www.konstkluster.se\/konstforening\/wp-content\/uploads\/2017\/08\/loggaF\u00f6rslag1.jpg\" alt=\"\" width=\"174\" height=\"173\" srcset=\"https:\/\/www.konstkluster.se\/konstforening\/wp-content\/uploads\/2017\/08\/loggaF\u00f6rslag1.jpg 174w, https:\/\/www.konstkluster.se\/konstforening\/wp-content\/uploads\/2017\/08\/loggaF\u00f6rslag1-150x150.jpg 150w\" sizes=\"auto, (max-width: 174px) 100vw, 174px\" \/><\/a><\/p>\n<p>Omr\u00f6stningens vinnare blev alternativ nr 1, som \u00e4r inl\u00e4mnat av Margareta Frid.<\/p>\n<p>Under v\u00e5ren 2018 kommer vi att b\u00f6rja anv\u00e4nda denna logga i v\u00e5r marknadsf\u00f6ring och dokumentation.<\/p>\n<p>___________<\/p>\n<p>Nedan finns lite info omkring de inl\u00e4mnade bidragens f\u00f6rdelning i resultatet:<\/p>\n<div id='gallery-1' class='gallery galleryid-1067 gallery-columns-3 gallery-size-medium'><figure class='gallery-item'>\n\t\t\t<div class='gallery-icon landscape'>\n\t\t\t\t<a href='https:\/\/www.konstkluster.se\/konstforening\/resultat-framrostning-av-noak-logga\/mojligaval_rostninglogga\/'><img loading=\"lazy\" decoding=\"async\" width=\"300\" height=\"175\" src=\"https:\/\/www.konstkluster.se\/konstforening\/wp-content\/uploads\/2017\/08\/m\u00f6jligaVal_r\u00f6stningLogga-300x175.jpg\" class=\"attachment-medium size-medium\" alt=\"\" aria-describedby=\"gallery-1-1073\" srcset=\"https:\/\/www.konstkluster.se\/konstforening\/wp-content\/uploads\/2017\/08\/m\u00f6jligaVal_r\u00f6stningLogga-300x175.jpg 300w, https:\/\/www.konstkluster.se\/konstforening\/wp-content\/uploads\/2017\/08\/m\u00f6jligaVal_r\u00f6stningLogga-768x448.jpg 768w, https:\/\/www.konstkluster.se\/konstforening\/wp-content\/uploads\/2017\/08\/m\u00f6jligaVal_r\u00f6stningLogga.jpg 824w\" sizes=\"auto, (max-width: 300px) 100vw, 300px\" \/><\/a>\n\t\t\t<\/div>\n\t\t\t\t<figcaption class='wp-caption-text gallery-caption' id='gallery-1-1073'>\n\t\t\t\t5 m\u00f6jliga alternativ\n\t\t\t\t<\/figcaption><\/figure><figure class='gallery-item'>\n\t\t\t<div class='gallery-icon landscape'>\n\t\t\t\t<a href='https:\/\/www.konstkluster.se\/konstforening\/resultat-framrostning-av-noak-logga\/inbjudna_rostninglogga\/'><img loading=\"lazy\" decoding=\"async\" width=\"300\" height=\"92\" src=\"https:\/\/www.konstkluster.se\/konstforening\/wp-content\/uploads\/2017\/08\/inbjudna_r\u00f6stningLogga-300x92.jpg\" class=\"attachment-medium size-medium\" alt=\"\" aria-describedby=\"gallery-1-1069\" srcset=\"https:\/\/www.konstkluster.se\/konstforening\/wp-content\/uploads\/2017\/08\/inbjudna_r\u00f6stningLogga-300x92.jpg 300w, https:\/\/www.konstkluster.se\/konstforening\/wp-content\/uploads\/2017\/08\/inbjudna_r\u00f6stningLogga-768x236.jpg 768w, https:\/\/www.konstkluster.se\/konstforening\/wp-content\/uploads\/2017\/08\/inbjudna_r\u00f6stningLogga.jpg 996w\" sizes=\"auto, (max-width: 300px) 100vw, 300px\" \/><\/a>\n\t\t\t<\/div>\n\t\t\t\t<figcaption class='wp-caption-text gallery-caption' id='gallery-1-1069'>\n\t\t\t\tSvarsfrekvens\n\t\t\t\t<\/figcaption><\/figure><figure class='gallery-item'>\n\t\t\t<div class='gallery-icon landscape'>\n\t\t\t\t<a href='https:\/\/www.konstkluster.se\/konstforening\/resultat-framrostning-av-noak-logga\/utfall_rostninglogga\/'><img loading=\"lazy\" decoding=\"async\" width=\"300\" height=\"174\" src=\"https:\/\/www.konstkluster.se\/konstforening\/wp-content\/uploads\/2017\/08\/utfall_r\u00f6stningLogga-300x174.jpg\" class=\"attachment-medium size-medium\" alt=\"\" aria-describedby=\"gallery-1-1070\" srcset=\"https:\/\/www.konstkluster.se\/konstforening\/wp-content\/uploads\/2017\/08\/utfall_r\u00f6stningLogga-300x174.jpg 300w, https:\/\/www.konstkluster.se\/konstforening\/wp-content\/uploads\/2017\/08\/utfall_r\u00f6stningLogga-768x446.jpg 768w, https:\/\/www.konstkluster.se\/konstforening\/wp-content\/uploads\/2017\/08\/utfall_r\u00f6stningLogga.jpg 913w\" sizes=\"auto, (max-width: 300px) 100vw, 300px\" \/><\/a>\n\t\t\t<\/div>\n\t\t\t\t<figcaption class='wp-caption-text gallery-caption' id='gallery-1-1070'>\n\t\t\t\tF\u00f6rdelning av resultat\n\t\t\t\t<\/figcaption><\/figure>\n\t\t<\/div>\n\n<hr \/>\n","protected":false},"excerpt":{"rendered":"<p>Vi har ett resultat! Omr\u00f6stningens vinnare blev alternativ nr 1, som \u00e4r inl\u00e4mnat av Margareta Frid. Under v\u00e5ren 2018 kommer vi att b\u00f6rja anv\u00e4nda denna logga i v\u00e5r marknadsf\u00f6ring och dokumentation. ___________ Nedan finns lite info omkring de inl\u00e4mnade bidragens f\u00f6rdelning i resultatet:<\/p>\n","protected":false},"author":2,"featured_media":0,"parent":0,"menu_order":0,"comment_status":"closed","ping_status":"closed","template":"","meta":{"footnotes":""},"class_list":["post-1067","page","type-page","status-publish","hentry"],"_links":{"self":[{"href":"https:\/\/www.konstkluster.se\/konstforening\/wp-json\/wp\/v2\/pages\/1067","targetHints":{"allow":["GET"]}}],"collection":[{"href":"https:\/\/www.konstkluster.se\/konstforening\/wp-json\/wp\/v2\/pages"}],"about":[{"href":"https:\/\/www.konstkluster.se\/konstforening\/wp-json\/wp\/v2\/types\/page"}],"author":[{"embeddable":true,"href":"https:\/\/www.konstkluster.se\/konstforening\/wp-json\/wp\/v2\/users\/2"}],"replies":[{"embeddable":true,"href":"https:\/\/www.konstkluster.se\/konstforening\/wp-json\/wp\/v2\/comments?post=1067"}],"version-history":[{"count":8,"href":"https:\/\/www.konstkluster.se\/konstforening\/wp-json\/wp\/v2\/pages\/1067\/revisions"}],"predecessor-version":[{"id":1201,"href":"https:\/\/www.konstkluster.se\/konstforening\/wp-json\/wp\/v2\/pages\/1067\/revisions\/1201"}],"wp:attachment":[{"href":"https:\/\/www.konstkluster.se\/konstforening\/wp-json\/wp\/v2\/media?parent=1067"}],"curies":[{"name":"wp","href":"https:\/\/api.w.org\/{rel}","templated":true}]}}