{"id":1000,"date":"2017-05-14T17:04:57","date_gmt":"2017-05-14T15:04:57","guid":{"rendered":"http:\/\/www.konstkluster.se\/konstforening\/?page_id=1000"},"modified":"2017-08-25T11:45:39","modified_gmt":"2017-08-25T09:45:39","slug":"inkomna-logga-forslag","status":"publish","type":"page","link":"https:\/\/www.konstkluster.se\/konstforening\/inkomna-logga-forslag\/","title":{"rendered":"Inkomna logga-f\u00f6rslag"},"content":{"rendered":"<p>Tack f\u00f6r\u00a0alla f\u00f6rslag som l\u00e4mnats in till\u00a0<a href=\"https:\/\/www.konstkluster.se\/konstforening\/tavling\/\">t\u00e4vlingen<\/a>\u00a0om en logga f\u00f6r v\u00e5r konstf\u00f6rening.<\/p>\n<p>F\u00f6rslagen \u00e4r dessa:<\/p>\n<p><a href=\"https:\/\/www.konstkluster.se\/konstforening\/wp-content\/uploads\/2017\/05\/loggaF\u00f6rslag1.jpg\"><img loading=\"lazy\" decoding=\"async\" class=\"aligncenter size-full wp-image-1001\" src=\"https:\/\/www.konstkluster.se\/konstforening\/wp-content\/uploads\/2017\/05\/loggaF\u00f6rslag1.jpg\" alt=\"\" width=\"204\" height=\"174\" \/><\/a><\/p>\n<p><a href=\"https:\/\/www.konstkluster.se\/konstforening\/wp-content\/uploads\/2017\/05\/loggaF\u00f6rslag2.jpg\"><img loading=\"lazy\" decoding=\"async\" class=\"aligncenter size-medium wp-image-1002\" src=\"https:\/\/www.konstkluster.se\/konstforening\/wp-content\/uploads\/2017\/05\/loggaF\u00f6rslag2.jpg\" alt=\"\" width=\"174\" height=\"173\" \/><\/a><\/p>\n<p><a href=\"https:\/\/www.konstkluster.se\/konstforening\/wp-content\/uploads\/2017\/05\/loggaF\u00f6rslag3.jpg\"><img loading=\"lazy\" decoding=\"async\" class=\"aligncenter size-medium wp-image-1003\" src=\"https:\/\/www.konstkluster.se\/konstforening\/wp-content\/uploads\/2017\/05\/loggaF\u00f6rslag3.jpg\" alt=\"\" width=\"180\" height=\"174\" \/><\/a><\/p>\n<p><a href=\"https:\/\/www.konstkluster.se\/konstforening\/wp-content\/uploads\/2017\/05\/loggaF\u00f6rslag4.jpg\"><img loading=\"lazy\" decoding=\"async\" class=\"aligncenter size-medium wp-image-1004\" src=\"https:\/\/www.konstkluster.se\/konstforening\/wp-content\/uploads\/2017\/05\/loggaF\u00f6rslag4.jpg\" alt=\"\" width=\"199\" height=\"175\" \/><\/a><\/p>\n<p>R\u00f6stningen kommer att ske via mail.\u00a0Samtliga som betalt sitt \u00e5rsmedlemskap innan 15 juni kommer att f\u00e5\u00a0m\u00f6jlighet att delta i framr\u00f6stningen av v\u00e5r logga.\u00a0Deadline f\u00f6r r\u00f6stning \u00e4r 30 juni 2017.\u00a0Vi hoppas att s\u00e5 m\u00e5nga som m\u00f6jligt tar chansen att delta.<\/p>\n<p>H\u00e5ll utkik efter ditt mail, om du inte har mailadress s\u00e5 kommer du att f\u00e5 ett brev.<\/p>\n<p>Inte medlem \u00e4nnu? Vill du vara med? Klicka <a href=\"https:\/\/www.konstkluster.se\/konstforening\/medlemskap\/\">h\u00e4r<\/a>.<\/p>\n<hr \/>\n<p>Se resultatet av omr\u00f6stningen\u00a0<a href=\"https:\/\/www.konstkluster.se\/konstforening\/resultat-framrostning-av-noak-logga\/\">h\u00e4r<\/a>.<\/p>\n","protected":false},"excerpt":{"rendered":"<p>Tack f\u00f6r\u00a0alla f\u00f6rslag som l\u00e4mnats in till\u00a0t\u00e4vlingen\u00a0om en logga f\u00f6r v\u00e5r konstf\u00f6rening. F\u00f6rslagen \u00e4r dessa: R\u00f6stningen kommer att ske via mail.\u00a0Samtliga som betalt sitt \u00e5rsmedlemskap innan 15 juni kommer att f\u00e5\u00a0m\u00f6jlighet att delta i framr\u00f6stningen av v\u00e5r logga.\u00a0Deadline f\u00f6r r\u00f6stning \u00e4r 30 juni 2017.\u00a0Vi hoppas att s\u00e5 m\u00e5nga som m\u00f6jligt tar chansen att delta. H\u00e5ll &hellip; <a href=\"https:\/\/www.konstkluster.se\/konstforening\/inkomna-logga-forslag\/\" class=\"more-link\">Forts\u00e4tt l\u00e4sa <span class=\"screen-reader-text\">Inkomna logga-f\u00f6rslag<\/span><\/a><\/p>\n","protected":false},"author":2,"featured_media":0,"parent":0,"menu_order":0,"comment_status":"closed","ping_status":"closed","template":"","meta":{"footnotes":""},"class_list":["post-1000","page","type-page","status-publish","hentry"],"_links":{"self":[{"href":"https:\/\/www.konstkluster.se\/konstforening\/wp-json\/wp\/v2\/pages\/1000","targetHints":{"allow":["GET"]}}],"collection":[{"href":"https:\/\/www.konstkluster.se\/konstforening\/wp-json\/wp\/v2\/pages"}],"about":[{"href":"https:\/\/www.konstkluster.se\/konstforening\/wp-json\/wp\/v2\/types\/page"}],"author":[{"embeddable":true,"href":"https:\/\/www.konstkluster.se\/konstforening\/wp-json\/wp\/v2\/users\/2"}],"replies":[{"embeddable":true,"href":"https:\/\/www.konstkluster.se\/konstforening\/wp-json\/wp\/v2\/comments?post=1000"}],"version-history":[{"count":18,"href":"https:\/\/www.konstkluster.se\/konstforening\/wp-json\/wp\/v2\/pages\/1000\/revisions"}],"predecessor-version":[{"id":1080,"href":"https:\/\/www.konstkluster.se\/konstforening\/wp-json\/wp\/v2\/pages\/1000\/revisions\/1080"}],"wp:attachment":[{"href":"https:\/\/www.konstkluster.se\/konstforening\/wp-json\/wp\/v2\/media?parent=1000"}],"curies":[{"name":"wp","href":"https:\/\/api.w.org\/{rel}","templated":true}]}}