{"id":91,"date":"2016-03-01T20:02:56","date_gmt":"2016-03-01T19:02:56","guid":{"rendered":"http:\/\/www.konstkluster.se\/?page_id=91"},"modified":"2016-03-01T20:02:56","modified_gmt":"2016-03-01T19:02:56","slug":"ekonomi-2","status":"publish","type":"page","link":"https:\/\/www.konstkluster.se\/?page_id=91","title":{"rendered":"Ekonomi"},"content":{"rendered":"<p>Grundtanken \u00e4r att lokalhyran till fullo t\u00e4cks upp av hyresint\u00e4kterna fr\u00e5n atelj\u00e9hyrare och utst\u00e4llare. Ut\u00f6ver detta finns uppstartsbidrag att f\u00e5 ifr\u00e5n Folkuniversitetet i G\u00f6teborg. Om vi best\u00e4mmer att vid vissa tider vistas samtidigt i lokalen, s\u00e5 kan vi f\u00e5 studiecirkelbidrag f\u00f6r dessa tr\u00e4ffar. Vi kan f\u00e5 ers\u00e4ttning f\u00f6r vernissager, d\u00e5 de betraktas som event utav Folkuniversitetet. F\u00f6r en\u00a0konstf\u00f6rening finns pengar att s\u00f6ka f\u00f6r utst\u00e4llningarna. Om reglerna f\u00f6r EU-bidrag \u00e5ter blir som de var f\u00f6r n\u00e5got \u00e5r sedan, s\u00e5 kan EU-bidrag s\u00f6kas f\u00f6r uppstart och utrustning av keramiklokal. Efter det att vi varit verksamma ett tag finns det\u00a0pengar att s\u00f6ka via Frispel (V\u00e4stra G\u00f6talandsregionen) och kanske n\u00e5gon vill st\u00e4lla upp som sponsor? Almi?<\/p>\n<p>&nbsp;<\/p>\n","protected":false},"excerpt":{"rendered":"<p>Grundtanken \u00e4r att lokalhyran till fullo t\u00e4cks upp av hyresint\u00e4kterna fr\u00e5n atelj\u00e9hyrare och utst\u00e4llare. Ut\u00f6ver detta finns uppstartsbidrag att f\u00e5 ifr\u00e5n Folkuniversitetet i G\u00f6teborg. Om vi best\u00e4mmer att vid vissa tider vistas samtidigt i lokalen, s\u00e5 kan vi f\u00e5 studiecirkelbidrag f\u00f6r dessa tr\u00e4ffar. Vi kan f\u00e5 ers\u00e4ttning f\u00f6r vernissager, d\u00e5 de betraktas som event utav &hellip; <a href=\"https:\/\/www.konstkluster.se\/?page_id=91\" class=\"more-link\">Forts\u00e4tt l\u00e4sa <span class=\"screen-reader-text\">Ekonomi<\/span><\/a><\/p>\n","protected":false},"author":2,"featured_media":0,"parent":0,"menu_order":0,"comment_status":"closed","ping_status":"closed","template":"","meta":{"footnotes":""},"class_list":["post-91","page","type-page","status-publish","hentry"],"_links":{"self":[{"href":"https:\/\/www.konstkluster.se\/index.php?rest_route=\/wp\/v2\/pages\/91","targetHints":{"allow":["GET"]}}],"collection":[{"href":"https:\/\/www.konstkluster.se\/index.php?rest_route=\/wp\/v2\/pages"}],"about":[{"href":"https:\/\/www.konstkluster.se\/index.php?rest_route=\/wp\/v2\/types\/page"}],"author":[{"embeddable":true,"href":"https:\/\/www.konstkluster.se\/index.php?rest_route=\/wp\/v2\/users\/2"}],"replies":[{"embeddable":true,"href":"https:\/\/www.konstkluster.se\/index.php?rest_route=%2Fwp%2Fv2%2Fcomments&post=91"}],"version-history":[{"count":1,"href":"https:\/\/www.konstkluster.se\/index.php?rest_route=\/wp\/v2\/pages\/91\/revisions"}],"predecessor-version":[{"id":92,"href":"https:\/\/www.konstkluster.se\/index.php?rest_route=\/wp\/v2\/pages\/91\/revisions\/92"}],"wp:attachment":[{"href":"https:\/\/www.konstkluster.se\/index.php?rest_route=%2Fwp%2Fv2%2Fmedia&parent=91"}],"curies":[{"name":"wp","href":"https:\/\/api.w.org\/{rel}","templated":true}]}}