{"id":70,"date":"2016-02-29T20:28:46","date_gmt":"2016-02-29T19:28:46","guid":{"rendered":"http:\/\/www.konstkluster.se\/?page_id=70"},"modified":"2020-07-06T14:18:19","modified_gmt":"2020-07-06T12:18:19","slug":"lite-om-ide-skaparen","status":"publish","type":"page","link":"https:\/\/www.konstkluster.se\/?page_id=70","title":{"rendered":"Lite om id\u00e9-skaparen"},"content":{"rendered":"<figure id=\"attachment_74\" aria-describedby=\"caption-attachment-74\" style=\"width: 300px\" class=\"wp-caption alignright\"><a href=\"https:\/\/www.konstkluster.se\/wp-content\/uploads\/2016\/02\/Stor-v\u00e5g.jpg\" rel=\"attachment wp-att-74\"><img loading=\"lazy\" decoding=\"async\" class=\"wp-image-74 size-medium\" src=\"https:\/\/www.konstkluster.se\/wp-content\/uploads\/2016\/02\/Stor-v\u00e5g-300x225.jpg\" alt=\"Stor v\u00e5g\" width=\"300\" height=\"225\" srcset=\"https:\/\/www.konstkluster.se\/wp-content\/uploads\/2016\/02\/Stor-v\u00e5g-300x225.jpg 300w, https:\/\/www.konstkluster.se\/wp-content\/uploads\/2016\/02\/Stor-v\u00e5g-768x576.jpg 768w, https:\/\/www.konstkluster.se\/wp-content\/uploads\/2016\/02\/Stor-v\u00e5g-1024x768.jpg 1024w\" sizes=\"auto, (max-width: 300px) 100vw, 300px\" \/><\/a><figcaption id=\"caption-attachment-74\" class=\"wp-caption-text\">Birgitta D\u00e4r\u00f6ste<\/figcaption><\/figure>\n<p>I grunden \u00e4r jag dalsl\u00e4nning och tecknade och m\u00e5lade mycket som liten. I ton\u00e5ren designade jag mina egna kl\u00e4der och sydde upp dem. Mitt namn \u00e4r Birgitta D\u00e4r\u00f6ste. Efter gymnasiet\u00a0unnade jag mig ett sabbats\u00e5r p\u00e5 Stenebyskolan i Dals L\u00e5nged. Sedan blev det G\u00f6teborg, Chalmers och G\u00f6teborgs Universitet.\u00a02004 flyttade jag med man och tre barn fr\u00e5n storstaden till G\u00f6teborgs vackra norra sk\u00e4rg\u00e5rd och villa p\u00e5 H\u00f6n\u00f6.<\/p>\n<p>De sista \u00e5ren har jag \u00e5terigen \u00e4gnat mig \u00e5t kreativt skapande\u00a0och trivs s\u00e5 gott n\u00e4r jag tr\u00e4ffar en massa h\u00e4rliga m\u00e4nniskor i de kursverksamheter som jag st\u00e4ndigt \u00e5teranm\u00e4ler mig till. L\u00e4s g\u00e4rna lite om min bakgrund och vilken form av kreativ verksamhet jag numera roar mig med p\u00e5 min fritid. (klicka\u00a0<a href=\"https:\/\/www.konstkluster.se\/?page_id=117\">h\u00e4r<\/a>)<\/p>\n<p>Min Konstkluster-id\u00e9 har vuxit fram ur det faktum\u00a0att ibland \u00e4r kurstillf\u00e4llet alltf\u00f6r kort eller l\u00e5ngt, det kommer o\u00f6nskade sommaruppeh\u00e5ll och juluppeh\u00e5ll etc.\u00a0Sammantaget har jag funderat en hel del p\u00e5 hur utgifterna jag l\u00e4gger p\u00e5 mitt st\u00e4ndiga deltagande i kurser i st\u00e4llet skulle kunna anv\u00e4ndas som en del i en lokalhyra, d\u00e4r vi som\u00a0ett g\u00e4ng med full tillit till varandra har var sin nyckel med\u00a0kontinuerlig tillg\u00e5ng till lokalen.\u00a0Jag har l\u00e4nge funderat \u00f6ver om det finns n\u00e5gra\u00a0som skulle vilja dela en s\u00e5dan lokal med mig. Det finns kanske fler \u00e4n jag som gillar att h\u00e5lla p\u00e5 med s\u00e5dant h\u00e4r p\u00e5 sin fritid?<\/p>\n<pre>updated 2016-02-29<\/pre>\n<p><a href=\"https:\/\/se.linkedin.com\/in\/birgitta-d\u00e4r\u00f6ste-45379410\" target=\"_blank\" rel=\"noopener noreferrer\">LinkedIn<\/a><\/p>\n","protected":false},"excerpt":{"rendered":"<p>I grunden \u00e4r jag dalsl\u00e4nning och tecknade och m\u00e5lade mycket som liten. I ton\u00e5ren designade jag mina egna kl\u00e4der och sydde upp dem. Mitt namn \u00e4r Birgitta D\u00e4r\u00f6ste. Efter gymnasiet\u00a0unnade jag mig ett sabbats\u00e5r p\u00e5 Stenebyskolan i Dals L\u00e5nged. Sedan blev det G\u00f6teborg, Chalmers och G\u00f6teborgs Universitet.\u00a02004 flyttade jag med man och tre barn fr\u00e5n &hellip; <a href=\"https:\/\/www.konstkluster.se\/?page_id=70\" class=\"more-link\">Forts\u00e4tt l\u00e4sa <span class=\"screen-reader-text\">Lite om id\u00e9-skaparen<\/span><\/a><\/p>\n","protected":false},"author":2,"featured_media":0,"parent":0,"menu_order":0,"comment_status":"closed","ping_status":"closed","template":"","meta":{"footnotes":""},"class_list":["post-70","page","type-page","status-publish","hentry"],"_links":{"self":[{"href":"https:\/\/www.konstkluster.se\/index.php?rest_route=\/wp\/v2\/pages\/70","targetHints":{"allow":["GET"]}}],"collection":[{"href":"https:\/\/www.konstkluster.se\/index.php?rest_route=\/wp\/v2\/pages"}],"about":[{"href":"https:\/\/www.konstkluster.se\/index.php?rest_route=\/wp\/v2\/types\/page"}],"author":[{"embeddable":true,"href":"https:\/\/www.konstkluster.se\/index.php?rest_route=\/wp\/v2\/users\/2"}],"replies":[{"embeddable":true,"href":"https:\/\/www.konstkluster.se\/index.php?rest_route=%2Fwp%2Fv2%2Fcomments&post=70"}],"version-history":[{"count":21,"href":"https:\/\/www.konstkluster.se\/index.php?rest_route=\/wp\/v2\/pages\/70\/revisions"}],"predecessor-version":[{"id":170,"href":"https:\/\/www.konstkluster.se\/index.php?rest_route=\/wp\/v2\/pages\/70\/revisions\/170"}],"wp:attachment":[{"href":"https:\/\/www.konstkluster.se\/index.php?rest_route=%2Fwp%2Fv2%2Fmedia&parent=70"}],"curies":[{"name":"wp","href":"https:\/\/api.w.org\/{rel}","templated":true}]}}