{"id":43,"date":"2016-02-29T15:21:18","date_gmt":"2016-02-29T14:21:18","guid":{"rendered":"http:\/\/www.konstkluster.se\/?page_id=43"},"modified":"2025-10-07T13:29:17","modified_gmt":"2025-10-07T11:29:17","slug":"om","status":"publish","type":"page","link":"https:\/\/www.konstkluster.se\/?page_id=43","title":{"rendered":"Id\u00e9n"},"content":{"rendered":"<p>En id\u00e9 om en ideell f\u00f6rening, d\u00e4r medlemmarnas gemensamma intresse \u00e4r konst och hantverk i alla dess former.<\/p>\n<p>Konstkluster-id\u00e9n bygger p\u00e5 att det finns en m\u00f6tesplats i form av en liten\u00a0billig lokal, d\u00e4r varje medlem kan delta och bidra till verksamheten utifr\u00e5n sitt eget\u00a0intresse\/tid\/f\u00f6rm\u00e5ga. Som ett sidosp\u00e5r &#8211; utan kontinuerligt lokalbehov &#8211; finns en \u00f6nskan om att ocks\u00e5 starta en konstf\u00f6rening som \u00e4r \u00f6ppen f\u00f6r alla.<\/p>\n<p><strong>Konstkluster-id\u00e9n best\u00e5r av dessa 3 delomr\u00e5den<\/strong>:<\/p>\n<ul>\n<li style=\"list-style-type: none;\">\n<ul>\n<li>Atelj\u00e9er att hyra<\/li>\n<li>Utst\u00e4llning\/galleri\/f\u00f6rs\u00e4ljning<\/li>\n<li>Keramik med atelj\u00e9 &amp; kursverksamhet<\/li>\n<\/ul>\n<\/li>\n<\/ul>\n<p>I <strong>atelj\u00e9delen<\/strong>\u00a0ges de som vill en\u00a0m\u00f6jlighet att dela atelj\u00e9, eller att ha en alldeles egen. Med egen nyckel s\u00e5 nyttjar du din del n\u00e4r det passar dig. \u00d6nskescenariot \u00e4r en m\u00e5ngfald av olika kreativa verksamheter. (En verksamhet som influerats av <a href=\"http:\/\/konstepidemin.se\/\" target=\"_blank\" rel=\"noopener\">Konstepidemin<\/a>.)<\/p>\n<p>I <strong>utst\u00e4llningsdelen<\/strong> st\u00e4ller i f\u00f6rsta hand lokala konstn\u00e4rer\/hantverkare ut sina alster till f\u00f6rs\u00e4ljning. Dessutom finns yta f\u00f6r externa kreat\u00f6rer. Vi turas om med att vistas h\u00e4r, s\u00e5 att lokalen kontinuerligt h\u00e5lls \u00f6ppen f\u00f6r bes\u00f6k. (En verksamhet som influerats av <a href=\"http:\/\/www.sintra.se\/\" target=\"_blank\" rel=\"noopener\">Sintra<\/a>.)<\/p>\n<p>I <strong>keramikdelen<\/strong>\u00a0ges n\u00e5gra m\u00f6jligheten att, under vissa tider, ha tillg\u00e5ng till lokalen som egen verkstad. P\u00e5 \u00f6vriga tider h\u00e5lls kurser i att tumma, ringla, kavla och dreja gods i lera och kanske \u00e4ven n\u00e5gra barnkalas. \u00a0(En verksamhet som influerats av <a href=\"https:\/\/www.abf.se\/kurser--evenemang\/?Query=keramik&amp;Location=V%C3%84STRA+G%C3%96TALANDS+L%C3%84N&amp;Location=G%C3%96TEBORG&amp;Location=V%C3%84STRA+G%C3%96TALANDS+L%C3%84N&amp;Location=G%C3%96TEBORG\" target=\"_blank\" rel=\"noopener\">kursverksamheten vid ABF<\/a>.)<\/p>\n<p><strong>M\u00e5lgrupperna skulle kunna vara exempelvis dessa:<\/strong><\/p>\n<ul>\n<li style=\"list-style-type: none;\">\n<ul>\n<li>Individer som skulle vilja hyra sig en egen atelj\u00e9 eller vill dela en atelj\u00e9yta med andra.<\/li>\n<li>Individer som vill st\u00e4lla ut sin konst till f\u00f6rs\u00e4ljning, i ett utrymme som \u00e4r mer l\u00e4tt\u00e5tkomligt f\u00f6r bes\u00f6kare \u00e4n hemma hos sig sj\u00e4lva.<\/li>\n<li>Externa kreat\u00f6rer som \u00e4r intresserade av att st\u00e4lla ut sina konstverk ute p\u00e5 v\u00e5ra fina \u00f6ar.<\/li>\n<li>Individer, som vill hyra en del i en keramikverkstad.<\/li>\n<li>Kursverksamhet inom s\u00e5v\u00e4l m\u00e5leri, som keramisk verksamhet &#8211; som en valm\u00f6jlighet inom kursutbudet hos Folkuniversitetet i G\u00f6teborg.<\/li>\n<li>En valbar aktivitet f\u00f6r elever i \u00d6arnas Kulturskola.<\/li>\n<li>Rehabiliteringsverksamhet f\u00f6r de som ordinerats detta inom sjukv\u00e5rdens omsorg.<\/li>\n<li>Tillstr\u00f6mmande konstn\u00e4rligt intresserade turister p\u00e5 tillf\u00e4llig visit.<\/li>\n<li>&#8230;och k\u00f6psugna lokalbor, f\u00f6rst\u00e5s!<\/li>\n<\/ul>\n<\/li>\n<\/ul>\n\n\n<p>Anm.<br>Det finns individer, som st\u00e5r p\u00e5 k\u00f6, redan innan vi startat upp: Ut\u00f6ver alla intresserade \u00f6bor s\u00e5 har exempelvis \u00e4ven en till G\u00f6teborg nyligen inflyttad kinesisk konstn\u00e4r kontaktat mig och han \u00f6nskar flytta hit ut till H\u00f6n\u00f6\/ \u00d6cker\u00f6 f\u00f6r att b\u00e5de bo och f\u00e5 tillg\u00e5ng till en egen atelj\u00e9, och han ser \u00e4ven fram emot att kunna b\u00f6rja ge m\u00e5lningskurser f\u00f6r oss (p\u00e5 engelska).<\/p>\n\n\n\n<p>Och jag har sedan l\u00e4nge en p\u00e5g\u00e5ende dialog med en m\u00e5ng\u00e5rig g\u00f6teborsk konstn\u00e4r, som ser fram emot att f\u00e5 \u00e5ka hit ut till oss f\u00f6r att undervisa intresserade inom akvarell-\/ olje-\/ akrylm\u00e5lning h\u00e4r.<\/p>\n","protected":false},"excerpt":{"rendered":"<p>En id\u00e9 om en ideell f\u00f6rening, d\u00e4r medlemmarnas gemensamma intresse \u00e4r konst och hantverk i alla dess former. Konstkluster-id\u00e9n bygger p\u00e5 att det finns en m\u00f6tesplats i form av en liten\u00a0billig lokal, d\u00e4r varje medlem kan delta och bidra till verksamheten utifr\u00e5n sitt eget\u00a0intresse\/tid\/f\u00f6rm\u00e5ga. Som ett sidosp\u00e5r &#8211; utan kontinuerligt lokalbehov &#8211; finns en \u00f6nskan &hellip; <a href=\"https:\/\/www.konstkluster.se\/?page_id=43\" class=\"more-link\">Forts\u00e4tt l\u00e4sa <span class=\"screen-reader-text\">Id\u00e9n<\/span><\/a><\/p>\n","protected":false},"author":2,"featured_media":0,"parent":0,"menu_order":0,"comment_status":"closed","ping_status":"closed","template":"","meta":{"footnotes":""},"class_list":["post-43","page","type-page","status-publish","hentry"],"_links":{"self":[{"href":"https:\/\/www.konstkluster.se\/index.php?rest_route=\/wp\/v2\/pages\/43","targetHints":{"allow":["GET"]}}],"collection":[{"href":"https:\/\/www.konstkluster.se\/index.php?rest_route=\/wp\/v2\/pages"}],"about":[{"href":"https:\/\/www.konstkluster.se\/index.php?rest_route=\/wp\/v2\/types\/page"}],"author":[{"embeddable":true,"href":"https:\/\/www.konstkluster.se\/index.php?rest_route=\/wp\/v2\/users\/2"}],"replies":[{"embeddable":true,"href":"https:\/\/www.konstkluster.se\/index.php?rest_route=%2Fwp%2Fv2%2Fcomments&post=43"}],"version-history":[{"count":24,"href":"https:\/\/www.konstkluster.se\/index.php?rest_route=\/wp\/v2\/pages\/43\/revisions"}],"predecessor-version":[{"id":306,"href":"https:\/\/www.konstkluster.se\/index.php?rest_route=\/wp\/v2\/pages\/43\/revisions\/306"}],"wp:attachment":[{"href":"https:\/\/www.konstkluster.se\/index.php?rest_route=%2Fwp%2Fv2%2Fmedia&parent=43"}],"curies":[{"name":"wp","href":"https:\/\/api.w.org\/{rel}","templated":true}]}}