{"id":22,"date":"2015-04-12T16:48:26","date_gmt":"2015-04-12T14:48:26","guid":{"rendered":"http:\/\/www.konstkluster.se\/?page_id=22"},"modified":"2025-11-19T15:22:24","modified_gmt":"2025-11-19T14:22:24","slug":"22-2","status":"publish","type":"page","link":"https:\/\/www.konstkluster.se\/","title":{"rendered":""},"content":{"rendered":"<p><a href=\"https:\/\/www.konstkluster.se\/wp-content\/uploads\/2015\/04\/framsidestext_ifr\u00e5nfolder_juni-14.png\"><img loading=\"lazy\" decoding=\"async\" class=\"alignleft size-medium wp-image-23\" src=\"https:\/\/www.konstkluster.se\/wp-content\/uploads\/2015\/04\/framsidestext_ifr\u00e5nfolder_juni-14-300x253.png\" alt=\"framsidestext_ifr\u00e5nfolder_juni-14\" width=\"300\" height=\"253\" srcset=\"https:\/\/www.konstkluster.se\/wp-content\/uploads\/2015\/04\/framsidestext_ifr\u00e5nfolder_juni-14-300x253.png 300w, https:\/\/www.konstkluster.se\/wp-content\/uploads\/2015\/04\/framsidestext_ifr\u00e5nfolder_juni-14.png 714w\" sizes=\"auto, (max-width: 300px) 100vw, 300px\" \/><\/a><\/p>\n<p>L\u00e4s lite om <a href=\"https:\/\/www.konstkluster.se\/?page_id=43\">id\u00e9n<\/a> och <a href=\"https:\/\/www.konstkluster.se\/?page_id=70\">id\u00e9-skaparen<\/a> och hur detta <a href=\"https:\/\/www.konstkluster.se\/?page_id=91\">ekonomiskt<\/a> skulle kunna fungera.<\/p>\n<p>L\u00e4s\u00a0<a href=\"https:\/\/www.konstkluster.se\/?page_id=49\">h\u00e4r<\/a> om hur vi hittills arbetat f\u00f6r att f\u00f6rverkliga id\u00e9n om ett Konstkluster i \u00d6cker\u00f6 kommun.<br \/>\n<\/bd><br \/>\n&nbsp;<\/p>\n<p style=\"text-align: center;\">Kontakt: <a href=\"mailto:info@konstkluster.se\">info@konstkluster.se<\/a><\/p>\n\n\n<p><\/p>\n\n\n\n<p>   <br>Pga att vi st\u00f6tte p\u00e5 sv\u00e5righeter med att f\u00e5 tag p\u00e5 en lokal att hyra, s\u00e5 best\u00e4mde vi oss s\u00e5 sm\u00e5ningom f\u00f6r att i st\u00e4llet starta upp en allm\u00e4n ideell konstf\u00f6rening. Trots \u00d6cker\u00f6 kommuns stora andel av inv\u00e5nare med ett utpr\u00e4glat stort intresse f\u00f6r konstut\u00f6vning av alla de olika slag och en \u00e5rligt \u00e5terkommande &#8221;Konstv\u00e5gen&#8221;, s\u00e5 existerade det \u00e4nnu ingen konstf\u00f6rening \u00f6ppen f\u00f6r alla. Vi styrde om v\u00e5r inriktning och startade upp en s\u00e5dan verksamhet, vi gav den arbetsnamnet Norra sk\u00e4rg\u00e5rdens allm\u00e4nna konstf\u00f6rening a.k.a. <a href=\"https:\/\/www.konstkluster.se\/konstforening\">NOAK<\/a>.<\/p>\n\n\n\n<p class=\"has-text-align-center\"><strong>~ ~ ~<\/strong><\/p>\n\n\n\n<p>Id\u00e9n b\u00f6rjade\u00a0ta form 2011, fick sitt f\u00f6rsta organisationsnummer 2015 och drog ig\u00e5ng sin f\u00f6rsta verksamhet under 2016. Vi \u00f6verl\u00e4t senare v\u00e5rt organisationsnummer till NOAK, v\u00e5r allra f\u00f6rsta verksamhet, f\u00f6r dem att forts\u00e4tta anv\u00e4nda. F\u00f6r Konstkluster registrerade vi ett nytt organisationsnummer 2020 och d\u00e4refter forts\u00e4tter grundid\u00e9n att spira, men nu med en mindre styrelse och med sin bas i G\u00f6teborg.<\/p>\n\n\n\n<p><\/p>\n","protected":false},"excerpt":{"rendered":"<p>L\u00e4s lite om id\u00e9n och id\u00e9-skaparen och hur detta ekonomiskt skulle kunna fungera. L\u00e4s\u00a0h\u00e4r om hur vi hittills arbetat f\u00f6r att f\u00f6rverkliga id\u00e9n om ett Konstkluster i \u00d6cker\u00f6 kommun. &nbsp; Kontakt: info@konstkluster.se Pga att vi st\u00f6tte p\u00e5 sv\u00e5righeter med att f\u00e5 tag p\u00e5 en lokal att hyra, s\u00e5 best\u00e4mde vi oss s\u00e5 sm\u00e5ningom f\u00f6r att &hellip; <a href=\"https:\/\/www.konstkluster.se\/\" class=\"more-link\">Forts\u00e4tt l\u00e4sa <span class=\"screen-reader-text\"><\/span><\/a><\/p>\n","protected":false},"author":2,"featured_media":0,"parent":149,"menu_order":0,"comment_status":"closed","ping_status":"closed","template":"","meta":{"footnotes":""},"class_list":["post-22","page","type-page","status-publish","hentry"],"_links":{"self":[{"href":"https:\/\/www.konstkluster.se\/index.php?rest_route=\/wp\/v2\/pages\/22","targetHints":{"allow":["GET"]}}],"collection":[{"href":"https:\/\/www.konstkluster.se\/index.php?rest_route=\/wp\/v2\/pages"}],"about":[{"href":"https:\/\/www.konstkluster.se\/index.php?rest_route=\/wp\/v2\/types\/page"}],"author":[{"embeddable":true,"href":"https:\/\/www.konstkluster.se\/index.php?rest_route=\/wp\/v2\/users\/2"}],"replies":[{"embeddable":true,"href":"https:\/\/www.konstkluster.se\/index.php?rest_route=%2Fwp%2Fv2%2Fcomments&post=22"}],"version-history":[{"count":41,"href":"https:\/\/www.konstkluster.se\/index.php?rest_route=\/wp\/v2\/pages\/22\/revisions"}],"predecessor-version":[{"id":374,"href":"https:\/\/www.konstkluster.se\/index.php?rest_route=\/wp\/v2\/pages\/22\/revisions\/374"}],"up":[{"embeddable":true,"href":"https:\/\/www.konstkluster.se\/index.php?rest_route=\/wp\/v2\/pages\/149"}],"wp:attachment":[{"href":"https:\/\/www.konstkluster.se\/index.php?rest_route=%2Fwp%2Fv2%2Fmedia&parent=22"}],"curies":[{"name":"wp","href":"https:\/\/api.w.org\/{rel}","templated":true}]}}